{"id":17769,"date":"2025-12-18T15:38:10","date_gmt":"2025-12-18T15:38:10","guid":{"rendered":"https:\/\/topofclimb.es\/?post_type=product&#038;p=17769"},"modified":"2026-02-16T09:07:13","modified_gmt":"2026-02-16T09:07:13","slug":"parche-nylon-3d-uip","status":"publish","type":"product","link":"https:\/\/topofclimb.es\/en\/product\/parche-nylon-3d-uip\/","title":{"rendered":"Parche Nylon 3D UIP"},"content":{"rendered":"<p>Parche Nylon 3D de la Unidad de Intervenci\u00f3n Policial (UIP). Escudo cl\u00e1sico con le\u00f3n rampante, fondo rojo y borde azul con flores de lis. Con velcro trasero.<\/p>","protected":false},"excerpt":{"rendered":"<p>Parche Nylon 3D de la Unidad de Intervenci\u00f3n Policial (UIP). Escudo cl\u00e1sico con le\u00f3n rampante, fondo rojo y borde azul con flores de lis. Con velcro trasero.<\/p>","protected":false},"featured_media":17770,"template":"","meta":[],"product_brand":[],"product_cat":[174],"product_tag":[],"class_list":{"0":"post-17769","1":"product","2":"type-product","3":"status-publish","4":"has-post-thumbnail","6":"product_cat-parches","8":"first","9":"instock","10":"taxable","11":"shipping-taxable","12":"purchasable","13":"product-type-simple"},"_links":{"self":[{"href":"https:\/\/topofclimb.es\/en\/wp-json\/wp\/v2\/product\/17769","targetHints":{"allow":["GET"]}}],"collection":[{"href":"https:\/\/topofclimb.es\/en\/wp-json\/wp\/v2\/product"}],"about":[{"href":"https:\/\/topofclimb.es\/en\/wp-json\/wp\/v2\/types\/product"}],"wp:featuredmedia":[{"embeddable":true,"href":"https:\/\/topofclimb.es\/en\/wp-json\/wp\/v2\/media\/17770"}],"wp:attachment":[{"href":"https:\/\/topofclimb.es\/en\/wp-json\/wp\/v2\/media?parent=17769"}],"wp:term":[{"taxonomy":"product_brand","embeddable":true,"href":"https:\/\/topofclimb.es\/en\/wp-json\/wp\/v2\/product_brand?post=17769"},{"taxonomy":"product_cat","embeddable":true,"href":"https:\/\/topofclimb.es\/en\/wp-json\/wp\/v2\/product_cat?post=17769"},{"taxonomy":"product_tag","embeddable":true,"href":"https:\/\/topofclimb.es\/en\/wp-json\/wp\/v2\/product_tag?post=17769"}],"curies":[{"name":"wp","href":"https:\/\/api.w.org\/{rel}","templated":true}]}}