{"id":17765,"date":"2025-12-18T15:13:53","date_gmt":"2025-12-18T15:13:53","guid":{"rendered":"https:\/\/topofclimb.es\/?post_type=product&#038;p=17765"},"modified":"2026-04-05T12:41:21","modified_gmt":"2026-04-05T12:41:21","slug":"parche-nylon-3d-eurofighter-ala-14-escuadrones","status":"publish","type":"product","link":"https:\/\/topofclimb.es\/en\/product\/parche-nylon-3d-eurofighter-ala-14-escuadrones\/","title":{"rendered":"Parche Nylon 3D Eurofighter ALA 14 Escuadrones"},"content":{"rendered":"<p>Introducido en 2003, el Eurofighter Typhoon es un caza polivalente europeo de \u00faltima generaci\u00f3n, utilizado por el Ej\u00e9rcito del Aire espa\u00f1ol para misiones de defensa y superioridad a\u00e9rea.<\/p>","protected":false},"excerpt":{"rendered":"<p>Introducido en 2003, el Eurofighter Typhoon es un caza polivalente europeo de \u00faltima generaci\u00f3n, utilizado por el Ej\u00e9rcito del Aire espa\u00f1ol para misiones de defensa y superioridad a\u00e9rea.<\/p>","protected":false},"featured_media":17766,"template":"","meta":[],"product_brand":[],"product_cat":[174],"product_tag":[],"class_list":{"0":"post-17765","1":"product","2":"type-product","3":"status-publish","4":"has-post-thumbnail","6":"product_cat-parches","8":"first","9":"instock","10":"taxable","11":"shipping-taxable","12":"purchasable","13":"product-type-simple"},"_links":{"self":[{"href":"https:\/\/topofclimb.es\/en\/wp-json\/wp\/v2\/product\/17765","targetHints":{"allow":["GET"]}}],"collection":[{"href":"https:\/\/topofclimb.es\/en\/wp-json\/wp\/v2\/product"}],"about":[{"href":"https:\/\/topofclimb.es\/en\/wp-json\/wp\/v2\/types\/product"}],"wp:featuredmedia":[{"embeddable":true,"href":"https:\/\/topofclimb.es\/en\/wp-json\/wp\/v2\/media\/17766"}],"wp:attachment":[{"href":"https:\/\/topofclimb.es\/en\/wp-json\/wp\/v2\/media?parent=17765"}],"wp:term":[{"taxonomy":"product_brand","embeddable":true,"href":"https:\/\/topofclimb.es\/en\/wp-json\/wp\/v2\/product_brand?post=17765"},{"taxonomy":"product_cat","embeddable":true,"href":"https:\/\/topofclimb.es\/en\/wp-json\/wp\/v2\/product_cat?post=17765"},{"taxonomy":"product_tag","embeddable":true,"href":"https:\/\/topofclimb.es\/en\/wp-json\/wp\/v2\/product_tag?post=17765"}],"curies":[{"name":"wp","href":"https:\/\/api.w.org\/{rel}","templated":true}]}}