{"id":17719,"date":"2025-10-23T12:47:05","date_gmt":"2025-10-23T12:47:05","guid":{"rendered":"https:\/\/topofclimb.es\/?post_type=product&#038;p=17719"},"modified":"2026-01-09T19:59:15","modified_gmt":"2026-01-09T19:59:15","slug":"caza-aliado-p-51d-mustang","status":"publish","type":"product","link":"https:\/\/topofclimb.es\/en\/product\/caza-aliado-p-51d-mustang\/","title":{"rendered":"Caza aliado P-51D Mustang"},"content":{"rendered":"<p>Kit de caza americano P-51D Mustang de la colecci\u00f3n WW2 del Ej\u00e9rcito.<br \/>\nMide 28 cm de longitud una vez montado.<br \/>\nTambi\u00e9n incluye una figura de piloto.<\/p>","protected":false},"excerpt":{"rendered":"<p>Kit de caza americano P-51D Mustang de la colecci\u00f3n WW2 del Ej\u00e9rcito. Mide 28 cm de longitud una vez montado. Tambi\u00e9n incluye una figura de piloto.<\/p>","protected":false},"featured_media":17724,"template":"","meta":[],"product_brand":[],"product_cat":[166,144,326],"product_tag":[],"class_list":{"0":"post-17719","1":"product","2":"type-product","3":"status-publish","4":"has-post-thumbnail","6":"product_cat-construccion","7":"product_cat-juguetes","8":"product_cat-novedades","10":"first","11":"instock","12":"taxable","13":"shipping-taxable","14":"purchasable","15":"product-type-simple"},"_links":{"self":[{"href":"https:\/\/topofclimb.es\/en\/wp-json\/wp\/v2\/product\/17719","targetHints":{"allow":["GET"]}}],"collection":[{"href":"https:\/\/topofclimb.es\/en\/wp-json\/wp\/v2\/product"}],"about":[{"href":"https:\/\/topofclimb.es\/en\/wp-json\/wp\/v2\/types\/product"}],"wp:featuredmedia":[{"embeddable":true,"href":"https:\/\/topofclimb.es\/en\/wp-json\/wp\/v2\/media\/17724"}],"wp:attachment":[{"href":"https:\/\/topofclimb.es\/en\/wp-json\/wp\/v2\/media?parent=17719"}],"wp:term":[{"taxonomy":"product_brand","embeddable":true,"href":"https:\/\/topofclimb.es\/en\/wp-json\/wp\/v2\/product_brand?post=17719"},{"taxonomy":"product_cat","embeddable":true,"href":"https:\/\/topofclimb.es\/en\/wp-json\/wp\/v2\/product_cat?post=17719"},{"taxonomy":"product_tag","embeddable":true,"href":"https:\/\/topofclimb.es\/en\/wp-json\/wp\/v2\/product_tag?post=17719"}],"curies":[{"name":"wp","href":"https:\/\/api.w.org\/{rel}","templated":true}]}}