{"id":17695,"date":"2025-10-23T10:06:38","date_gmt":"2025-10-23T10:06:38","guid":{"rendered":"https:\/\/topofclimb.es\/?post_type=product&#038;p=17695"},"modified":"2026-02-12T10:12:12","modified_gmt":"2026-02-12T10:12:12","slug":"caza-japones-a6m-zero","status":"publish","type":"product","link":"https:\/\/topofclimb.es\/en\/product\/caza-japones-a6m-zero\/","title":{"rendered":"Caza japon\u00e9s A6M Zero"},"content":{"rendered":"<p>Kit del caza japon\u00e9s Mitsubishi A6M Zero de la colecci\u00f3n WW2 del Ej\u00e9rcito.<br \/>\nMide 26 cm de longitud una vez montado. Tambi\u00e9n incluye 2 figuras y un ca\u00f1\u00f3n antia\u00e9reo.<\/p>","protected":false},"excerpt":{"rendered":"<p>Kit del caza japon\u00e9s Mitsubishi A6M Zero de la colecci\u00f3n WW2 del Ej\u00e9rcito. Mide 26 cm de longitud una vez montado. Tambi\u00e9n incluye 2 figuras y un ca\u00f1\u00f3n antia\u00e9reo.<\/p>","protected":false},"featured_media":17696,"template":"","meta":[],"product_brand":[],"product_cat":[166,144,326],"product_tag":[],"class_list":{"0":"post-17695","1":"product","2":"type-product","3":"status-publish","4":"has-post-thumbnail","6":"product_cat-construccion","7":"product_cat-juguetes","8":"product_cat-novedades","10":"first","11":"instock","12":"taxable","13":"shipping-taxable","14":"purchasable","15":"product-type-simple"},"_links":{"self":[{"href":"https:\/\/topofclimb.es\/en\/wp-json\/wp\/v2\/product\/17695","targetHints":{"allow":["GET"]}}],"collection":[{"href":"https:\/\/topofclimb.es\/en\/wp-json\/wp\/v2\/product"}],"about":[{"href":"https:\/\/topofclimb.es\/en\/wp-json\/wp\/v2\/types\/product"}],"wp:featuredmedia":[{"embeddable":true,"href":"https:\/\/topofclimb.es\/en\/wp-json\/wp\/v2\/media\/17696"}],"wp:attachment":[{"href":"https:\/\/topofclimb.es\/en\/wp-json\/wp\/v2\/media?parent=17695"}],"wp:term":[{"taxonomy":"product_brand","embeddable":true,"href":"https:\/\/topofclimb.es\/en\/wp-json\/wp\/v2\/product_brand?post=17695"},{"taxonomy":"product_cat","embeddable":true,"href":"https:\/\/topofclimb.es\/en\/wp-json\/wp\/v2\/product_cat?post=17695"},{"taxonomy":"product_tag","embeddable":true,"href":"https:\/\/topofclimb.es\/en\/wp-json\/wp\/v2\/product_tag?post=17695"}],"curies":[{"name":"wp","href":"https:\/\/api.w.org\/{rel}","templated":true}]}}