{"id":17689,"date":"2025-10-23T09:46:18","date_gmt":"2025-10-23T09:46:18","guid":{"rendered":"https:\/\/topofclimb.es\/?post_type=product&#038;p=17689"},"modified":"2026-02-12T10:25:21","modified_gmt":"2026-02-12T10:25:21","slug":"jet-fighter-modelo-57-m38-b0986","status":"publish","type":"product","link":"https:\/\/topofclimb.es\/en\/product\/jet-fighter-modelo-57-m38-b0986\/","title":{"rendered":"Jet Fighter Modelo 57 M38-B0986"},"content":{"rendered":"<p>Kit del caza sovi\u00e9tico Su-57 de la colecci\u00f3n Army Model Bricks, que puedes construir en dos variantes.<br \/>\nMide 45,2 o 22,8 cm de longitud una vez montado. Tambi\u00e9n incluye una figura de piloto.<\/p>","protected":false},"excerpt":{"rendered":"<p>Kit del caza sovi\u00e9tico Su-57 de la colecci\u00f3n Army Model Bricks, que puedes construir en dos variantes. Mide 45,2 o 22,8 cm de longitud una vez montado. Tambi\u00e9n incluye una figura de piloto.<\/p>","protected":false},"featured_media":17690,"template":"","meta":[],"product_brand":[],"product_cat":[166,144,326],"product_tag":[],"class_list":{"0":"post-17689","1":"product","2":"type-product","3":"status-publish","4":"has-post-thumbnail","6":"product_cat-construccion","7":"product_cat-juguetes","8":"product_cat-novedades","10":"first","11":"instock","12":"taxable","13":"shipping-taxable","14":"purchasable","15":"product-type-simple"},"_links":{"self":[{"href":"https:\/\/topofclimb.es\/en\/wp-json\/wp\/v2\/product\/17689","targetHints":{"allow":["GET"]}}],"collection":[{"href":"https:\/\/topofclimb.es\/en\/wp-json\/wp\/v2\/product"}],"about":[{"href":"https:\/\/topofclimb.es\/en\/wp-json\/wp\/v2\/types\/product"}],"wp:featuredmedia":[{"embeddable":true,"href":"https:\/\/topofclimb.es\/en\/wp-json\/wp\/v2\/media\/17690"}],"wp:attachment":[{"href":"https:\/\/topofclimb.es\/en\/wp-json\/wp\/v2\/media?parent=17689"}],"wp:term":[{"taxonomy":"product_brand","embeddable":true,"href":"https:\/\/topofclimb.es\/en\/wp-json\/wp\/v2\/product_brand?post=17689"},{"taxonomy":"product_cat","embeddable":true,"href":"https:\/\/topofclimb.es\/en\/wp-json\/wp\/v2\/product_cat?post=17689"},{"taxonomy":"product_tag","embeddable":true,"href":"https:\/\/topofclimb.es\/en\/wp-json\/wp\/v2\/product_tag?post=17689"}],"curies":[{"name":"wp","href":"https:\/\/api.w.org\/{rel}","templated":true}]}}