{"id":17677,"date":"2025-10-23T08:23:09","date_gmt":"2025-10-23T08:23:09","guid":{"rendered":"https:\/\/topofclimb.es\/?post_type=product&#038;p=17677"},"modified":"2026-01-05T13:06:51","modified_gmt":"2026-01-05T13:06:51","slug":"helicoptero-medico-uh-60-black-hawk","status":"publish","type":"product","link":"https:\/\/topofclimb.es\/en\/product\/helicoptero-medico-uh-60-black-hawk\/","title":{"rendered":"Helic\u00f3ptero m\u00e9dico UH-60 Black Hawk"},"content":{"rendered":"<p>Kit de helic\u00f3ptero m\u00e9dico UH-60 Black Hawk de la colecci\u00f3n Army Model Bricks.<br \/>\nMide 40,8 cm de longitud una vez montado. Tambi\u00e9n incluye 4 figuras.<\/p>","protected":false},"excerpt":{"rendered":"<p>Kit de helic\u00f3ptero m\u00e9dico UH-60 Black Hawk de la colecci\u00f3n Army Model Bricks. Mide 40,8 cm de longitud una vez montado. Tambi\u00e9n incluye 4 figuras.<\/p>","protected":false},"featured_media":17683,"template":"","meta":[],"product_brand":[],"product_cat":[166,144,326],"product_tag":[],"class_list":{"0":"post-17677","1":"product","2":"type-product","3":"status-publish","4":"has-post-thumbnail","6":"product_cat-construccion","7":"product_cat-juguetes","8":"product_cat-novedades","10":"first","11":"instock","12":"taxable","13":"shipping-taxable","14":"purchasable","15":"product-type-simple"},"_links":{"self":[{"href":"https:\/\/topofclimb.es\/en\/wp-json\/wp\/v2\/product\/17677","targetHints":{"allow":["GET"]}}],"collection":[{"href":"https:\/\/topofclimb.es\/en\/wp-json\/wp\/v2\/product"}],"about":[{"href":"https:\/\/topofclimb.es\/en\/wp-json\/wp\/v2\/types\/product"}],"wp:featuredmedia":[{"embeddable":true,"href":"https:\/\/topofclimb.es\/en\/wp-json\/wp\/v2\/media\/17683"}],"wp:attachment":[{"href":"https:\/\/topofclimb.es\/en\/wp-json\/wp\/v2\/media?parent=17677"}],"wp:term":[{"taxonomy":"product_brand","embeddable":true,"href":"https:\/\/topofclimb.es\/en\/wp-json\/wp\/v2\/product_brand?post=17677"},{"taxonomy":"product_cat","embeddable":true,"href":"https:\/\/topofclimb.es\/en\/wp-json\/wp\/v2\/product_cat?post=17677"},{"taxonomy":"product_tag","embeddable":true,"href":"https:\/\/topofclimb.es\/en\/wp-json\/wp\/v2\/product_tag?post=17677"}],"curies":[{"name":"wp","href":"https:\/\/api.w.org\/{rel}","templated":true}]}}