{"id":17672,"date":"2025-10-23T08:05:37","date_gmt":"2025-10-23T08:05:37","guid":{"rendered":"https:\/\/topofclimb.es\/?post_type=product&#038;p=17672"},"modified":"2026-03-01T12:31:53","modified_gmt":"2026-03-01T12:31:53","slug":"cazabombardero-mig-15","status":"publish","type":"product","link":"https:\/\/topofclimb.es\/en\/product\/cazabombardero-mig-15\/","title":{"rendered":"Cazabombardero MiG-15"},"content":{"rendered":"<p>Kit del caza sovi\u00e9tico MiG-15 de la colecci\u00f3n Army Model Bricks.<br \/>\nMide 29,7 cm de longitud una vez montado.<br \/>\nTambi\u00e9n incluye una figura de piloto y un soporte.<\/p>","protected":false},"excerpt":{"rendered":"<p>Kit del caza sovi\u00e9tico MiG-15 de la colecci\u00f3n Army Model Bricks. Mide 29,7 cm de longitud una vez montado. Tambi\u00e9n incluye una figura de piloto y un soporte.<\/p>","protected":false},"featured_media":17674,"template":"","meta":[],"product_brand":[],"product_cat":[166,144,326],"product_tag":[],"class_list":{"0":"post-17672","1":"product","2":"type-product","3":"status-publish","4":"has-post-thumbnail","6":"product_cat-construccion","7":"product_cat-juguetes","8":"product_cat-novedades","10":"first","11":"instock","12":"taxable","13":"shipping-taxable","14":"purchasable","15":"product-type-simple"},"_links":{"self":[{"href":"https:\/\/topofclimb.es\/en\/wp-json\/wp\/v2\/product\/17672","targetHints":{"allow":["GET"]}}],"collection":[{"href":"https:\/\/topofclimb.es\/en\/wp-json\/wp\/v2\/product"}],"about":[{"href":"https:\/\/topofclimb.es\/en\/wp-json\/wp\/v2\/types\/product"}],"wp:featuredmedia":[{"embeddable":true,"href":"https:\/\/topofclimb.es\/en\/wp-json\/wp\/v2\/media\/17674"}],"wp:attachment":[{"href":"https:\/\/topofclimb.es\/en\/wp-json\/wp\/v2\/media?parent=17672"}],"wp:term":[{"taxonomy":"product_brand","embeddable":true,"href":"https:\/\/topofclimb.es\/en\/wp-json\/wp\/v2\/product_brand?post=17672"},{"taxonomy":"product_cat","embeddable":true,"href":"https:\/\/topofclimb.es\/en\/wp-json\/wp\/v2\/product_cat?post=17672"},{"taxonomy":"product_tag","embeddable":true,"href":"https:\/\/topofclimb.es\/en\/wp-json\/wp\/v2\/product_tag?post=17672"}],"curies":[{"name":"wp","href":"https:\/\/api.w.org\/{rel}","templated":true}]}}