{"id":17666,"date":"2025-10-23T07:54:41","date_gmt":"2025-10-23T07:54:41","guid":{"rendered":"https:\/\/topofclimb.es\/?post_type=product&#038;p=17666"},"modified":"2026-03-28T15:50:56","modified_gmt":"2026-03-28T15:50:56","slug":"caza-americano-f4u-corsair","status":"publish","type":"product","link":"https:\/\/topofclimb.es\/en\/product\/caza-americano-f4u-corsair\/","title":{"rendered":"Caza americano F4U Corsair"},"content":{"rendered":"<p>Kit de avi\u00f3n de combate americano F4U Corsair de la colecci\u00f3n WW2 del Ej\u00e9rcito.<br \/>\nMide 29 cm de longitud una vez montado. Incluye 1 figura.<\/p>","protected":false},"excerpt":{"rendered":"<p>Kit de avi\u00f3n de combate americano F4U Corsair de la colecci\u00f3n WW2 del Ej\u00e9rcito. Mide 29 cm de longitud una vez montado. Incluye 1 figura.<\/p>","protected":false},"featured_media":17668,"template":"","meta":[],"product_brand":[],"product_cat":[166,144,326],"product_tag":[],"class_list":{"0":"post-17666","1":"product","2":"type-product","3":"status-publish","4":"has-post-thumbnail","6":"product_cat-construccion","7":"product_cat-juguetes","8":"product_cat-novedades","10":"first","11":"instock","12":"taxable","13":"shipping-taxable","14":"purchasable","15":"product-type-simple"},"_links":{"self":[{"href":"https:\/\/topofclimb.es\/en\/wp-json\/wp\/v2\/product\/17666","targetHints":{"allow":["GET"]}}],"collection":[{"href":"https:\/\/topofclimb.es\/en\/wp-json\/wp\/v2\/product"}],"about":[{"href":"https:\/\/topofclimb.es\/en\/wp-json\/wp\/v2\/types\/product"}],"wp:featuredmedia":[{"embeddable":true,"href":"https:\/\/topofclimb.es\/en\/wp-json\/wp\/v2\/media\/17668"}],"wp:attachment":[{"href":"https:\/\/topofclimb.es\/en\/wp-json\/wp\/v2\/media?parent=17666"}],"wp:term":[{"taxonomy":"product_brand","embeddable":true,"href":"https:\/\/topofclimb.es\/en\/wp-json\/wp\/v2\/product_brand?post=17666"},{"taxonomy":"product_cat","embeddable":true,"href":"https:\/\/topofclimb.es\/en\/wp-json\/wp\/v2\/product_cat?post=17666"},{"taxonomy":"product_tag","embeddable":true,"href":"https:\/\/topofclimb.es\/en\/wp-json\/wp\/v2\/product_tag?post=17666"}],"curies":[{"name":"wp","href":"https:\/\/api.w.org\/{rel}","templated":true}]}}