{"id":17628,"date":"2025-10-08T11:43:23","date_gmt":"2025-10-08T11:43:23","guid":{"rendered":"https:\/\/topofclimb.es\/?post_type=product&#038;p=17628"},"modified":"2026-03-28T12:54:31","modified_gmt":"2026-03-28T12:54:31","slug":"hipopotamo-peluche-con-rokiski","status":"publish","type":"product","link":"https:\/\/topofclimb.es\/en\/product\/hipopotamo-peluche-con-rokiski\/","title":{"rendered":"Hipop\u00f3tamo Peluche con rokiski"},"content":{"rendered":"<p>Peluche de hipop\u00f3tamo de alta calidad, suave y esponjoso, con el emblema bordado del Ej\u00e9rcito del Aire y del Espacio.<br \/>\nIdeal como regalo o recuerdo para entusiastas de la aviaci\u00f3n militar.<\/p>","protected":false},"excerpt":{"rendered":"<p>Peluche de hipop\u00f3tamo de alta calidad, suave y esponjoso, con el emblema bordado del Ej\u00e9rcito del Aire y del Espacio. Ideal como regalo o recuerdo para entusiastas de la aviaci\u00f3n militar.<\/p>","protected":false},"featured_media":17630,"template":"","meta":[],"product_brand":[],"product_cat":[144,151],"product_tag":[],"class_list":{"0":"post-17628","1":"product","2":"type-product","3":"status-publish","4":"has-post-thumbnail","6":"product_cat-juguetes","7":"product_cat-peluches","9":"first","10":"outofstock","11":"taxable","12":"shipping-taxable","13":"purchasable","14":"product-type-simple"},"_links":{"self":[{"href":"https:\/\/topofclimb.es\/en\/wp-json\/wp\/v2\/product\/17628","targetHints":{"allow":["GET"]}}],"collection":[{"href":"https:\/\/topofclimb.es\/en\/wp-json\/wp\/v2\/product"}],"about":[{"href":"https:\/\/topofclimb.es\/en\/wp-json\/wp\/v2\/types\/product"}],"wp:featuredmedia":[{"embeddable":true,"href":"https:\/\/topofclimb.es\/en\/wp-json\/wp\/v2\/media\/17630"}],"wp:attachment":[{"href":"https:\/\/topofclimb.es\/en\/wp-json\/wp\/v2\/media?parent=17628"}],"wp:term":[{"taxonomy":"product_brand","embeddable":true,"href":"https:\/\/topofclimb.es\/en\/wp-json\/wp\/v2\/product_brand?post=17628"},{"taxonomy":"product_cat","embeddable":true,"href":"https:\/\/topofclimb.es\/en\/wp-json\/wp\/v2\/product_cat?post=17628"},{"taxonomy":"product_tag","embeddable":true,"href":"https:\/\/topofclimb.es\/en\/wp-json\/wp\/v2\/product_tag?post=17628"}],"curies":[{"name":"wp","href":"https:\/\/api.w.org\/{rel}","templated":true}]}}