{"id":17614,"date":"2025-10-21T06:37:25","date_gmt":"2025-10-21T06:37:25","guid":{"rendered":"https:\/\/topofclimb.es\/?post_type=product&#038;p=17614"},"modified":"2026-04-07T17:06:38","modified_gmt":"2026-04-07T17:06:38","slug":"sudadera-rocket-scientist-nasa","status":"publish","type":"product","link":"https:\/\/topofclimb.es\/en\/product\/sudadera-rocket-scientist-nasa\/","title":{"rendered":"Sudadera ROCKET SCIENTIST NASA"},"content":{"rendered":"<p>Esta sudadera gruesa pero suave, confeccionada en algod\u00f3n, fue dise\u00f1ada para que la uses con frecuencia. El llamativo y gr\u00e1fico aplique de fieltro doble \u00abROCKET SCIENTIST\u00bb en la espalda es un homenaje al dise\u00f1o y la calidad vintage. Su corte holgado, su calidez y su comodidad la convierten en la compa\u00f1era perfecta para muchas aventuras, incluso las m\u00e1s relajadas. Tu cient\u00edfico espacial interior brillar\u00e1 con esta sudadera de cremallera completa de la NASA, dise\u00f1ada en colaboraci\u00f3n con el Centro Espacial Kennedy.<\/p>\n<p>Mezcla de algod\u00f3n de peso pesado<br \/>\nColor: Gris<br \/>\nEl cuello, los pu\u00f1os y el dobladillo inferior de punto acanalado proporcionan estructura y estilo.<br \/>\nBolsillo frontal con cremallera<\/p>","protected":false},"excerpt":{"rendered":"<p>Mezcla de algod\u00f3n de peso pesado<br \/>\nColor: Gris<br \/>\nEl cuello, los pu\u00f1os y el dobladillo inferior de punto acanalado proporcionan estructura y estilo.<br \/>\nBolsillo frontal con cremallera<\/p>","protected":false},"featured_media":17618,"template":"","meta":[],"product_brand":[],"product_cat":[326,94],"product_tag":[332,95],"class_list":{"0":"post-17614","1":"product","2":"type-product","3":"status-publish","4":"has-post-thumbnail","6":"product_cat-novedades","7":"product_cat-sudaderas","8":"product_tag-nasa","9":"product_tag-sudadera","11":"first","12":"outofstock","13":"taxable","14":"shipping-taxable","15":"purchasable","16":"product-type-variable"},"_links":{"self":[{"href":"https:\/\/topofclimb.es\/en\/wp-json\/wp\/v2\/product\/17614","targetHints":{"allow":["GET"]}}],"collection":[{"href":"https:\/\/topofclimb.es\/en\/wp-json\/wp\/v2\/product"}],"about":[{"href":"https:\/\/topofclimb.es\/en\/wp-json\/wp\/v2\/types\/product"}],"wp:featuredmedia":[{"embeddable":true,"href":"https:\/\/topofclimb.es\/en\/wp-json\/wp\/v2\/media\/17618"}],"wp:attachment":[{"href":"https:\/\/topofclimb.es\/en\/wp-json\/wp\/v2\/media?parent=17614"}],"wp:term":[{"taxonomy":"product_brand","embeddable":true,"href":"https:\/\/topofclimb.es\/en\/wp-json\/wp\/v2\/product_brand?post=17614"},{"taxonomy":"product_cat","embeddable":true,"href":"https:\/\/topofclimb.es\/en\/wp-json\/wp\/v2\/product_cat?post=17614"},{"taxonomy":"product_tag","embeddable":true,"href":"https:\/\/topofclimb.es\/en\/wp-json\/wp\/v2\/product_tag?post=17614"}],"curies":[{"name":"wp","href":"https:\/\/api.w.org\/{rel}","templated":true}]}}