{"id":17599,"date":"2025-10-21T09:57:23","date_gmt":"2025-10-21T09:57:23","guid":{"rendered":"https:\/\/topofclimb.es\/?post_type=product&#038;p=17599"},"modified":"2026-04-13T06:17:11","modified_gmt":"2026-04-13T06:17:11","slug":"camiseta-rcaf-chipmunk-ninos","status":"publish","type":"product","link":"https:\/\/topofclimb.es\/en\/product\/camiseta-rcaf-chipmunk-ninos\/","title":{"rendered":"Camiseta RCAF Chipmunk Ni\u00f1os"},"content":{"rendered":"<p>El DHC-1 Chipmunk, un avi\u00f3n acrob\u00e1tico, se convirti\u00f3 en el principal avi\u00f3n de entrenamiento de la RCAF y el primer dise\u00f1o de De Havilland Aircraft de Canad\u00e1.<\/p>\n<p>Hecho de 100% algod\u00f3n<br \/>\nColor: Rojo Heritage<\/p>","protected":false},"excerpt":{"rendered":"<p>El DHC-1 Chipmunk, un avi\u00f3n acrob\u00e1tico, se convirti\u00f3 en el principal avi\u00f3n de entrenamiento de la RCAF y el primer dise\u00f1o de De Havilland Aircraft de Canad\u00e1.<\/p>\n<p>Hecho de 100% algod\u00f3n<br \/>\nColor: Rojo Heritage<\/p>","protected":false},"featured_media":17601,"template":"","meta":[],"product_brand":[],"product_cat":[88,349,326,70],"product_tag":[],"class_list":{"0":"post-17599","1":"product","2":"type-product","3":"status-publish","4":"has-post-thumbnail","6":"product_cat-camisetas-2","7":"product_cat-camisetas-infantiles","8":"product_cat-novedades","9":"product_cat-ropa-sport","11":"first","12":"instock","13":"taxable","14":"shipping-taxable","15":"purchasable","16":"product-type-variable"},"_links":{"self":[{"href":"https:\/\/topofclimb.es\/en\/wp-json\/wp\/v2\/product\/17599","targetHints":{"allow":["GET"]}}],"collection":[{"href":"https:\/\/topofclimb.es\/en\/wp-json\/wp\/v2\/product"}],"about":[{"href":"https:\/\/topofclimb.es\/en\/wp-json\/wp\/v2\/types\/product"}],"wp:featuredmedia":[{"embeddable":true,"href":"https:\/\/topofclimb.es\/en\/wp-json\/wp\/v2\/media\/17601"}],"wp:attachment":[{"href":"https:\/\/topofclimb.es\/en\/wp-json\/wp\/v2\/media?parent=17599"}],"wp:term":[{"taxonomy":"product_brand","embeddable":true,"href":"https:\/\/topofclimb.es\/en\/wp-json\/wp\/v2\/product_brand?post=17599"},{"taxonomy":"product_cat","embeddable":true,"href":"https:\/\/topofclimb.es\/en\/wp-json\/wp\/v2\/product_cat?post=17599"},{"taxonomy":"product_tag","embeddable":true,"href":"https:\/\/topofclimb.es\/en\/wp-json\/wp\/v2\/product_tag?post=17599"}],"curies":[{"name":"wp","href":"https:\/\/api.w.org\/{rel}","templated":true}]}}