{"id":17577,"date":"2025-10-21T07:59:55","date_gmt":"2025-10-21T07:59:55","guid":{"rendered":"https:\/\/topofclimb.es\/?post_type=product&#038;p=17577"},"modified":"2026-04-13T06:17:09","modified_gmt":"2026-04-13T06:17:09","slug":"camiseta-corsair","status":"publish","type":"product","link":"https:\/\/topofclimb.es\/en\/product\/camiseta-corsair\/","title":{"rendered":"Camiseta Corsair"},"content":{"rendered":"<p>Al igual que el Spitfire, el Corsair se gan\u00f3 un gran respeto entre los pilotos de caza de la Segunda Guerra Mundial. La Divisi\u00f3n Chance Vought de United Aircraft vol\u00f3 por primera vez el F4U Corsair en 1940. El avi\u00f3n se mantuvo en producci\u00f3n desde 1941 hasta la guerra y se reanud\u00f3 brevemente en la d\u00e9cada de 1950. A pesar de no estar apto para operaciones en portaaviones hasta 1944, el Corsair se convirti\u00f3 en el caza embarcado m\u00e1s producido de todos los tiempos. Para satisfacer la demanda de producci\u00f3n, el Corsair tambi\u00e9n fue construido por Goodyear (el FG) y Brewster (el F3A).<\/p>\n<p>La exclusiva ala de gaviota invertida del Corsair permite un tren de aterrizaje de longitud est\u00e1ndar, a la vez que proporciona una distancia al suelo adecuada para la enorme h\u00e9lice de 4 metros. El ala se une al fuselaje en \u00e1ngulo recto, lo que reduce la resistencia aerodin\u00e1mica y aumenta la velocidad.<\/p>\n<p>Hecho de 100% algod\u00f3n<br \/>\nColor: Pizarra<br \/>\nCinta de costura en contraste<br \/>\nCuello redondo acanalado<\/p>","protected":false},"excerpt":{"rendered":"<p>Hecho de 100% algod\u00f3n<br \/>\nColor: Pizarra<br \/>\nCinta de costura en contraste<br \/>\nCuello redondo acanalado<\/p>","protected":false},"featured_media":17578,"template":"","meta":[],"product_brand":[],"product_cat":[88,326],"product_tag":[],"class_list":{"0":"post-17577","1":"product","2":"type-product","3":"status-publish","4":"has-post-thumbnail","6":"product_cat-camisetas-2","7":"product_cat-novedades","9":"first","10":"instock","11":"taxable","12":"shipping-taxable","13":"purchasable","14":"product-type-variable"},"_links":{"self":[{"href":"https:\/\/topofclimb.es\/en\/wp-json\/wp\/v2\/product\/17577","targetHints":{"allow":["GET"]}}],"collection":[{"href":"https:\/\/topofclimb.es\/en\/wp-json\/wp\/v2\/product"}],"about":[{"href":"https:\/\/topofclimb.es\/en\/wp-json\/wp\/v2\/types\/product"}],"wp:featuredmedia":[{"embeddable":true,"href":"https:\/\/topofclimb.es\/en\/wp-json\/wp\/v2\/media\/17578"}],"wp:attachment":[{"href":"https:\/\/topofclimb.es\/en\/wp-json\/wp\/v2\/media?parent=17577"}],"wp:term":[{"taxonomy":"product_brand","embeddable":true,"href":"https:\/\/topofclimb.es\/en\/wp-json\/wp\/v2\/product_brand?post=17577"},{"taxonomy":"product_cat","embeddable":true,"href":"https:\/\/topofclimb.es\/en\/wp-json\/wp\/v2\/product_cat?post=17577"},{"taxonomy":"product_tag","embeddable":true,"href":"https:\/\/topofclimb.es\/en\/wp-json\/wp\/v2\/product_tag?post=17577"}],"curies":[{"name":"wp","href":"https:\/\/api.w.org\/{rel}","templated":true}]}}