{"id":17547,"date":"2025-10-21T07:22:06","date_gmt":"2025-10-21T07:22:06","guid":{"rendered":"https:\/\/topofclimb.es\/?post_type=product&#038;p=17547"},"modified":"2026-04-13T06:17:08","modified_gmt":"2026-04-13T06:17:08","slug":"camiseta-avro-lancaster-manga-larga","status":"publish","type":"product","link":"https:\/\/topofclimb.es\/en\/product\/camiseta-avro-lancaster-manga-larga\/","title":{"rendered":"Camiseta Avro Lancaster Manga Larga"},"content":{"rendered":"<p>Descripci\u00f3n<br \/>\nEl Avro Lancaster es uno de los aviones m\u00e1s emblem\u00e1ticos desplegados en la Segunda Guerra Mundial. Su inconfundible silueta y el rugido de sus cuatro motores Rolls Royce Merlin solo se pueden experimentar al ver volar los dos ejemplares en condiciones de vuelo que quedan en el mundo. Uno se encuentra en Inglaterra y el otro en el Museo Canadiense del Patrimonio de Aviones de Guerra en Hamilton, Ontario. <\/p>\n<p>Hecho de 100% algod\u00f3n<br \/>\nColor: Azul marino<br \/>\nCuello redondo acanalado<\/p>","protected":false},"excerpt":{"rendered":"<p>La Camiseta Avro Lancaster Manga Larga est\u00e1 hecha 100% de algod\u00f3n, con un dise\u00f1o del bombardero Avro Lancaster.<\/p>","protected":false},"featured_media":17548,"template":"","meta":[],"product_brand":[],"product_cat":[88,326,70],"product_tag":[],"class_list":{"0":"post-17547","1":"product","2":"type-product","3":"status-publish","4":"has-post-thumbnail","6":"product_cat-camisetas-2","7":"product_cat-novedades","8":"product_cat-ropa-sport","10":"first","11":"instock","12":"taxable","13":"shipping-taxable","14":"purchasable","15":"product-type-variable"},"_links":{"self":[{"href":"https:\/\/topofclimb.es\/en\/wp-json\/wp\/v2\/product\/17547","targetHints":{"allow":["GET"]}}],"collection":[{"href":"https:\/\/topofclimb.es\/en\/wp-json\/wp\/v2\/product"}],"about":[{"href":"https:\/\/topofclimb.es\/en\/wp-json\/wp\/v2\/types\/product"}],"wp:featuredmedia":[{"embeddable":true,"href":"https:\/\/topofclimb.es\/en\/wp-json\/wp\/v2\/media\/17548"}],"wp:attachment":[{"href":"https:\/\/topofclimb.es\/en\/wp-json\/wp\/v2\/media?parent=17547"}],"wp:term":[{"taxonomy":"product_brand","embeddable":true,"href":"https:\/\/topofclimb.es\/en\/wp-json\/wp\/v2\/product_brand?post=17547"},{"taxonomy":"product_cat","embeddable":true,"href":"https:\/\/topofclimb.es\/en\/wp-json\/wp\/v2\/product_cat?post=17547"},{"taxonomy":"product_tag","embeddable":true,"href":"https:\/\/topofclimb.es\/en\/wp-json\/wp\/v2\/product_tag?post=17547"}],"curies":[{"name":"wp","href":"https:\/\/api.w.org\/{rel}","templated":true}]}}