{"id":17544,"date":"2025-10-06T06:39:27","date_gmt":"2025-10-06T06:39:27","guid":{"rendered":"https:\/\/topofclimb.es\/?post_type=product&#038;p=17544"},"modified":"2025-11-28T11:17:53","modified_gmt":"2025-11-28T11:17:53","slug":"bolso-retro-spanair","status":"publish","type":"product","link":"https:\/\/topofclimb.es\/en\/product\/bolso-retro-spanair\/","title":{"rendered":"Bolso Retro Spanair"},"content":{"rendered":"<p>Dale un toque original a tu d\u00eda a d\u00eda con este bolso con el logo de la hist\u00f3rica Spanair.<br \/>\nDisponible en dos colores.<\/p>","protected":false},"excerpt":{"rendered":"<p>Dale un toque original a tu d\u00eda a d\u00eda con este bolso con el logo de la hist\u00f3rica Spanair. Disponible en dos colores.<\/p>","protected":false},"featured_media":17526,"template":"","meta":[],"product_brand":[],"product_cat":[241,331,326],"product_tag":[],"class_list":{"0":"post-17544","1":"product","2":"type-product","3":"status-publish","4":"has-post-thumbnail","6":"product_cat-bolsos","7":"product_cat-coleccion-retro","8":"product_cat-novedades","10":"first","11":"outofstock","12":"taxable","13":"shipping-taxable","14":"purchasable","15":"product-type-variable"},"_links":{"self":[{"href":"https:\/\/topofclimb.es\/en\/wp-json\/wp\/v2\/product\/17544","targetHints":{"allow":["GET"]}}],"collection":[{"href":"https:\/\/topofclimb.es\/en\/wp-json\/wp\/v2\/product"}],"about":[{"href":"https:\/\/topofclimb.es\/en\/wp-json\/wp\/v2\/types\/product"}],"wp:featuredmedia":[{"embeddable":true,"href":"https:\/\/topofclimb.es\/en\/wp-json\/wp\/v2\/media\/17526"}],"wp:attachment":[{"href":"https:\/\/topofclimb.es\/en\/wp-json\/wp\/v2\/media?parent=17544"}],"wp:term":[{"taxonomy":"product_brand","embeddable":true,"href":"https:\/\/topofclimb.es\/en\/wp-json\/wp\/v2\/product_brand?post=17544"},{"taxonomy":"product_cat","embeddable":true,"href":"https:\/\/topofclimb.es\/en\/wp-json\/wp\/v2\/product_cat?post=17544"},{"taxonomy":"product_tag","embeddable":true,"href":"https:\/\/topofclimb.es\/en\/wp-json\/wp\/v2\/product_tag?post=17544"}],"curies":[{"name":"wp","href":"https:\/\/api.w.org\/{rel}","templated":true}]}}