{"id":17538,"date":"2025-10-06T06:30:56","date_gmt":"2025-10-06T06:30:56","guid":{"rendered":"https:\/\/topofclimb.es\/?post_type=product&#038;p=17538"},"modified":"2025-12-29T15:53:16","modified_gmt":"2025-12-29T15:53:16","slug":"bolso-retro-british-airways","status":"publish","type":"product","link":"https:\/\/topofclimb.es\/en\/product\/bolso-retro-british-airways\/","title":{"rendered":"Bolso Retro British Airways"},"content":{"rendered":"<p>Dale un toque original a tu d\u00eda a d\u00eda con este bolso con los logos hist\u00f3ricos de British Airways.<br \/>\nDisponible en dos colores.<\/p>","protected":false},"excerpt":{"rendered":"<p>Dale un toque original a tu d\u00eda a d\u00eda con este bolso con los logos hist\u00f3ricos de British Airways. Disponible en dos colores.<\/p>","protected":false},"featured_media":17520,"template":"","meta":[],"product_brand":[],"product_cat":[241,331],"product_tag":[],"class_list":{"0":"post-17538","1":"product","2":"type-product","3":"status-publish","4":"has-post-thumbnail","6":"product_cat-bolsos","7":"product_cat-coleccion-retro","9":"first","10":"instock","11":"taxable","12":"shipping-taxable","13":"purchasable","14":"product-type-variable"},"_links":{"self":[{"href":"https:\/\/topofclimb.es\/en\/wp-json\/wp\/v2\/product\/17538","targetHints":{"allow":["GET"]}}],"collection":[{"href":"https:\/\/topofclimb.es\/en\/wp-json\/wp\/v2\/product"}],"about":[{"href":"https:\/\/topofclimb.es\/en\/wp-json\/wp\/v2\/types\/product"}],"wp:featuredmedia":[{"embeddable":true,"href":"https:\/\/topofclimb.es\/en\/wp-json\/wp\/v2\/media\/17520"}],"wp:attachment":[{"href":"https:\/\/topofclimb.es\/en\/wp-json\/wp\/v2\/media?parent=17538"}],"wp:term":[{"taxonomy":"product_brand","embeddable":true,"href":"https:\/\/topofclimb.es\/en\/wp-json\/wp\/v2\/product_brand?post=17538"},{"taxonomy":"product_cat","embeddable":true,"href":"https:\/\/topofclimb.es\/en\/wp-json\/wp\/v2\/product_cat?post=17538"},{"taxonomy":"product_tag","embeddable":true,"href":"https:\/\/topofclimb.es\/en\/wp-json\/wp\/v2\/product_tag?post=17538"}],"curies":[{"name":"wp","href":"https:\/\/api.w.org\/{rel}","templated":true}]}}