{"id":17512,"date":"2025-10-03T06:06:22","date_gmt":"2025-10-03T06:06:22","guid":{"rendered":"https:\/\/topofclimb.es\/?post_type=product&#038;p=17512"},"modified":"2026-04-05T12:45:08","modified_gmt":"2026-04-05T12:45:08","slug":"bolso-retro-iberia","status":"publish","type":"product","link":"https:\/\/topofclimb.es\/en\/product\/bolso-retro-iberia\/","title":{"rendered":"Bolso Retro Iberia"},"content":{"rendered":"<p>Dale un toque original a tu d\u00eda a d\u00eda con este bolso con los logos hist\u00f3ricos de Iberia.<br \/>\nDisponible en dos colores.<\/p>","protected":false},"excerpt":{"rendered":"<p>Dale un toque original a tu d\u00eda a d\u00eda con este bolso con los logos hist\u00f3ricos de Iberia. Disponible en dos colores.<\/p>","protected":false},"featured_media":17514,"template":"","meta":[],"product_brand":[],"product_cat":[331],"product_tag":[],"class_list":{"0":"post-17512","1":"product","2":"type-product","3":"status-publish","4":"has-post-thumbnail","6":"product_cat-coleccion-retro","8":"first","9":"instock","10":"taxable","11":"shipping-taxable","12":"purchasable","13":"product-type-variable"},"_links":{"self":[{"href":"https:\/\/topofclimb.es\/en\/wp-json\/wp\/v2\/product\/17512","targetHints":{"allow":["GET"]}}],"collection":[{"href":"https:\/\/topofclimb.es\/en\/wp-json\/wp\/v2\/product"}],"about":[{"href":"https:\/\/topofclimb.es\/en\/wp-json\/wp\/v2\/types\/product"}],"wp:featuredmedia":[{"embeddable":true,"href":"https:\/\/topofclimb.es\/en\/wp-json\/wp\/v2\/media\/17514"}],"wp:attachment":[{"href":"https:\/\/topofclimb.es\/en\/wp-json\/wp\/v2\/media?parent=17512"}],"wp:term":[{"taxonomy":"product_brand","embeddable":true,"href":"https:\/\/topofclimb.es\/en\/wp-json\/wp\/v2\/product_brand?post=17512"},{"taxonomy":"product_cat","embeddable":true,"href":"https:\/\/topofclimb.es\/en\/wp-json\/wp\/v2\/product_cat?post=17512"},{"taxonomy":"product_tag","embeddable":true,"href":"https:\/\/topofclimb.es\/en\/wp-json\/wp\/v2\/product_tag?post=17512"}],"curies":[{"name":"wp","href":"https:\/\/api.w.org\/{rel}","templated":true}]}}