{"id":17508,"date":"2025-09-30T06:35:17","date_gmt":"2025-09-30T06:35:17","guid":{"rendered":"https:\/\/topofclimb.es\/?post_type=product&#038;p=17508"},"modified":"2026-04-15T08:14:31","modified_gmt":"2026-04-15T08:14:31","slug":"juego-de-mesa-line-up","status":"publish","type":"product","link":"https:\/\/topofclimb.es\/en\/product\/juego-de-mesa-line-up\/","title":{"rendered":"Juego de Mesa LINE UP"},"content":{"rendered":"<p>El juego para pilotos y entusiastas de la aviaci\u00f3n desde 6 hasta 99 a\u00f1os.<\/p>\n<p>El objetivo del juego es mover tres aviones desde la plataforma, a trav\u00e9s de la calle de rodaje, hasta la pista lo m\u00e1s r\u00e1pido posible para obtener la autorizaci\u00f3n de despegue antes que los dem\u00e1s jugadores. Con suerte, puedes tomar un atajo hacia la pista y, por lo tanto, despegar m\u00e1s r\u00e1pido que tus compa\u00f1eros.<\/p>\n<p>Juego para 2 a 4 jugadores.<\/p>\n<p>Contenido:<\/p>\n<p>\u2022 1 caja de cart\u00f3n<br \/>\n\u2022 1 tablero de juego plegable<br \/>\n\u2022 12 piezas de juego<br \/>\n\u2022 4 dados<\/p>\n<p>Nota: Contiene piezas peque\u00f1as.<\/p>","protected":false},"excerpt":{"rendered":"<p>Tama\u00f1o<\/p>\n<p>Dimensiones del tablero de juego desplegado: 35 x 35 cm<br \/>\nDimensiones de la caja de cart\u00f3n: 23 x 19 x 2,8 cm<\/p>","protected":false},"featured_media":17509,"template":"","meta":[],"product_brand":[],"product_cat":[144,326],"product_tag":[],"class_list":{"0":"post-17508","1":"product","2":"type-product","3":"status-publish","4":"has-post-thumbnail","6":"product_cat-juguetes","7":"product_cat-novedades","9":"first","10":"instock","11":"taxable","12":"shipping-taxable","13":"purchasable","14":"product-type-simple"},"_links":{"self":[{"href":"https:\/\/topofclimb.es\/en\/wp-json\/wp\/v2\/product\/17508","targetHints":{"allow":["GET"]}}],"collection":[{"href":"https:\/\/topofclimb.es\/en\/wp-json\/wp\/v2\/product"}],"about":[{"href":"https:\/\/topofclimb.es\/en\/wp-json\/wp\/v2\/types\/product"}],"wp:featuredmedia":[{"embeddable":true,"href":"https:\/\/topofclimb.es\/en\/wp-json\/wp\/v2\/media\/17509"}],"wp:attachment":[{"href":"https:\/\/topofclimb.es\/en\/wp-json\/wp\/v2\/media?parent=17508"}],"wp:term":[{"taxonomy":"product_brand","embeddable":true,"href":"https:\/\/topofclimb.es\/en\/wp-json\/wp\/v2\/product_brand?post=17508"},{"taxonomy":"product_cat","embeddable":true,"href":"https:\/\/topofclimb.es\/en\/wp-json\/wp\/v2\/product_cat?post=17508"},{"taxonomy":"product_tag","embeddable":true,"href":"https:\/\/topofclimb.es\/en\/wp-json\/wp\/v2\/product_tag?post=17508"}],"curies":[{"name":"wp","href":"https:\/\/api.w.org\/{rel}","templated":true}]}}