{"id":17506,"date":"2025-09-30T06:33:13","date_gmt":"2025-09-30T06:33:13","guid":{"rendered":"https:\/\/topofclimb.es\/?post_type=product&#038;p=17506"},"modified":"2026-02-19T13:07:04","modified_gmt":"2026-02-19T13:07:04","slug":"conjunto-money-clip-set","status":"publish","type":"product","link":"https:\/\/topofclimb.es\/en\/product\/conjunto-money-clip-set\/","title":{"rendered":"Conjunto Money Clip Set"},"content":{"rendered":"<p>Este elegante juego de clip para billetes de piloto est\u00e1 elaborado con cuero ecol\u00f3gico de alta calidad.<\/p>\n<p>Este conjunto consta de:<\/p>\n<p>Un clip magn\u00e9tico para billetes con un ala de metal plateado en el exterior.<br \/>\nUn llavero con ala de metal<br \/>\nUn bol\u00edgrafo de alta calidad con recambio est\u00e1ndar.<br \/>\nEntrega en una caja de regalo negra con impresi\u00f3n plateada.<\/p>","protected":false},"excerpt":{"rendered":"<p>Este elegante juego de clip para billetes de piloto est\u00e1 elaborado con cuero ecol\u00f3gico de alta calidad. Este conjunto consta de: Un clip magn\u00e9tico para billetes con un ala de metal plateado en el exterior. Un llavero con ala de metal Un bol\u00edgrafo de alta calidad con recambio est\u00e1ndar. Entrega en una caja de regalo [&#8230;]\n","protected":false},"featured_media":17507,"template":"","meta":[],"product_brand":[],"product_cat":[330,71,299,326,329],"product_tag":[],"class_list":{"0":"post-17506","1":"product","2":"type-product","3":"status-publish","4":"has-post-thumbnail","6":"product_cat-accesorios-piloto","7":"product_cat-accesorios","8":"product_cat-avion","9":"product_cat-novedades","10":"product_cat-piloto","12":"first","13":"instock","14":"taxable","15":"shipping-taxable","16":"purchasable","17":"product-type-simple"},"_links":{"self":[{"href":"https:\/\/topofclimb.es\/en\/wp-json\/wp\/v2\/product\/17506","targetHints":{"allow":["GET"]}}],"collection":[{"href":"https:\/\/topofclimb.es\/en\/wp-json\/wp\/v2\/product"}],"about":[{"href":"https:\/\/topofclimb.es\/en\/wp-json\/wp\/v2\/types\/product"}],"wp:featuredmedia":[{"embeddable":true,"href":"https:\/\/topofclimb.es\/en\/wp-json\/wp\/v2\/media\/17507"}],"wp:attachment":[{"href":"https:\/\/topofclimb.es\/en\/wp-json\/wp\/v2\/media?parent=17506"}],"wp:term":[{"taxonomy":"product_brand","embeddable":true,"href":"https:\/\/topofclimb.es\/en\/wp-json\/wp\/v2\/product_brand?post=17506"},{"taxonomy":"product_cat","embeddable":true,"href":"https:\/\/topofclimb.es\/en\/wp-json\/wp\/v2\/product_cat?post=17506"},{"taxonomy":"product_tag","embeddable":true,"href":"https:\/\/topofclimb.es\/en\/wp-json\/wp\/v2\/product_tag?post=17506"}],"curies":[{"name":"wp","href":"https:\/\/api.w.org\/{rel}","templated":true}]}}