{"id":17502,"date":"2025-09-30T06:30:05","date_gmt":"2025-09-30T06:30:05","guid":{"rendered":"https:\/\/topofclimb.es\/?post_type=product&#038;p=17502"},"modified":"2026-04-15T11:16:28","modified_gmt":"2026-04-15T11:16:28","slug":"conjunto-pasaporte","status":"publish","type":"product","link":"https:\/\/topofclimb.es\/en\/product\/conjunto-pasaporte\/","title":{"rendered":"Conjunto Pasaporte"},"content":{"rendered":"<p>Este elegante juego de pasaporte de piloto est\u00e1 elaborado con cuero ecol\u00f3gico de alta calidad.<\/p>\n<p>Este conjunto consta de:<\/p>\n<p>Una funda para pasaporte con un ala met\u00e1lica plateada en el exterior, el logotipo PILOT\u00ae grabado en el interior, tres compartimentos para tarjetas de cr\u00e9dito, uno para tarjetas de visita y un compartimento para tarjeta SIM. La funda cuenta con protecci\u00f3n RFID.<br \/>\nUna etiqueta de equipaje con la impresi\u00f3n \u00abCREW\u00bb en ambos lados, con una placa de identificaci\u00f3n cubierta y un clip s\u00f3lido y alas PILOT \u00ae en relieve<br \/>\nEntrega en una caja de regalo negra con impresi\u00f3n plateada.<\/p>","protected":false},"excerpt":{"rendered":"<p>Este elegante juego de pasaporte de piloto est\u00e1 elaborado con cuero ecol\u00f3gico de alta calidad. Este conjunto consta de: Una funda para pasaporte con un ala met\u00e1lica plateada en el exterior, el logotipo PILOT\u00ae grabado en el interior, tres compartimentos para tarjetas de cr\u00e9dito, uno para tarjetas de visita y un compartimento para tarjeta SIM. [&#8230;]\n","protected":false},"featured_media":17505,"template":"","meta":[],"product_brand":[],"product_cat":[330,71,299,326,329],"product_tag":[],"class_list":{"0":"post-17502","1":"product","2":"type-product","3":"status-publish","4":"has-post-thumbnail","6":"product_cat-accesorios-piloto","7":"product_cat-accesorios","8":"product_cat-avion","9":"product_cat-novedades","10":"product_cat-piloto","12":"first","13":"instock","14":"taxable","15":"shipping-taxable","16":"purchasable","17":"product-type-simple"},"_links":{"self":[{"href":"https:\/\/topofclimb.es\/en\/wp-json\/wp\/v2\/product\/17502","targetHints":{"allow":["GET"]}}],"collection":[{"href":"https:\/\/topofclimb.es\/en\/wp-json\/wp\/v2\/product"}],"about":[{"href":"https:\/\/topofclimb.es\/en\/wp-json\/wp\/v2\/types\/product"}],"wp:featuredmedia":[{"embeddable":true,"href":"https:\/\/topofclimb.es\/en\/wp-json\/wp\/v2\/media\/17505"}],"wp:attachment":[{"href":"https:\/\/topofclimb.es\/en\/wp-json\/wp\/v2\/media?parent=17502"}],"wp:term":[{"taxonomy":"product_brand","embeddable":true,"href":"https:\/\/topofclimb.es\/en\/wp-json\/wp\/v2\/product_brand?post=17502"},{"taxonomy":"product_cat","embeddable":true,"href":"https:\/\/topofclimb.es\/en\/wp-json\/wp\/v2\/product_cat?post=17502"},{"taxonomy":"product_tag","embeddable":true,"href":"https:\/\/topofclimb.es\/en\/wp-json\/wp\/v2\/product_tag?post=17502"}],"curies":[{"name":"wp","href":"https:\/\/api.w.org\/{rel}","templated":true}]}}