{"id":17498,"date":"2025-09-30T06:23:54","date_gmt":"2025-09-30T06:23:54","guid":{"rendered":"https:\/\/topofclimb.es\/?post_type=product&#038;p=17498"},"modified":"2026-02-03T09:25:08","modified_gmt":"2026-02-03T09:25:08","slug":"funda-licencia-de-piloto-easa","status":"publish","type":"product","link":"https:\/\/topofclimb.es\/en\/product\/funda-licencia-de-piloto-easa\/","title":{"rendered":"Funda Licencia de piloto EASA"},"content":{"rendered":"<p>Esta elegante funda para licencia de piloto EASA est\u00e1 hecha de cuero ecol\u00f3gico de alta calidad, con el logotipo grabado y un ala met\u00e1lica plateada en la parte frontal. Adem\u00e1s, cuenta con protecci\u00f3n RFID.<\/p>\n<p>En el interior hay seis bolsillos de pl\u00e1stico para la licencia de piloto, documentaci\u00f3n m\u00e9dica, etc.<br \/>\nTres bolsillos m\u00e1s para tarjetas de cr\u00e9dito, uno para una tarjeta de visita, otro para papel.<\/p>","protected":false},"excerpt":{"rendered":"<p>Esta elegante funda para licencia de piloto EASA est\u00e1 hecha de cuero ecol\u00f3gico de alta calidad, con el logotipo grabado y un ala met\u00e1lica plateada en la parte frontal. Adem\u00e1s, cuenta con protecci\u00f3n RFID. En el interior hay seis bolsillos de pl\u00e1stico para la licencia de piloto, documentaci\u00f3n m\u00e9dica, etc. Tres bolsillos m\u00e1s para tarjetas [&#8230;]\n","protected":false},"featured_media":17501,"template":"","meta":[],"product_brand":[],"product_cat":[330,71,299,326,329],"product_tag":[],"class_list":{"0":"post-17498","1":"product","2":"type-product","3":"status-publish","4":"has-post-thumbnail","6":"product_cat-accesorios-piloto","7":"product_cat-accesorios","8":"product_cat-avion","9":"product_cat-novedades","10":"product_cat-piloto","12":"first","13":"instock","14":"taxable","15":"shipping-taxable","16":"purchasable","17":"product-type-simple"},"_links":{"self":[{"href":"https:\/\/topofclimb.es\/en\/wp-json\/wp\/v2\/product\/17498","targetHints":{"allow":["GET"]}}],"collection":[{"href":"https:\/\/topofclimb.es\/en\/wp-json\/wp\/v2\/product"}],"about":[{"href":"https:\/\/topofclimb.es\/en\/wp-json\/wp\/v2\/types\/product"}],"wp:featuredmedia":[{"embeddable":true,"href":"https:\/\/topofclimb.es\/en\/wp-json\/wp\/v2\/media\/17501"}],"wp:attachment":[{"href":"https:\/\/topofclimb.es\/en\/wp-json\/wp\/v2\/media?parent=17498"}],"wp:term":[{"taxonomy":"product_brand","embeddable":true,"href":"https:\/\/topofclimb.es\/en\/wp-json\/wp\/v2\/product_brand?post=17498"},{"taxonomy":"product_cat","embeddable":true,"href":"https:\/\/topofclimb.es\/en\/wp-json\/wp\/v2\/product_cat?post=17498"},{"taxonomy":"product_tag","embeddable":true,"href":"https:\/\/topofclimb.es\/en\/wp-json\/wp\/v2\/product_tag?post=17498"}],"curies":[{"name":"wp","href":"https:\/\/api.w.org\/{rel}","templated":true}]}}