{"id":17479,"date":"2025-09-22T07:45:28","date_gmt":"2025-09-22T07:45:28","guid":{"rendered":"https:\/\/topofclimb.es\/?post_type=product&#038;p=17479"},"modified":"2026-02-03T13:44:03","modified_gmt":"2026-02-03T13:44:03","slug":"modelo-a-10-thunderbolt-escala-1100","status":"publish","type":"product","link":"https:\/\/topofclimb.es\/en\/product\/modelo-a-10-thunderbolt-escala-1100\/","title":{"rendered":"Modelo A-10 Thunderbolt Escala 1:100"},"content":{"rendered":"<p>Descubra este detallado modelo de fundici\u00f3n a presi\u00f3n del A10 Thunderbolt. Este robusto avi\u00f3n de ataque y apoyo terrestre, reconocido por su precisi\u00f3n y durabilidad, se presenta sobre una base de exhibici\u00f3n. \u00a1Perfecto para coleccionistas y aficionados a la aviaci\u00f3n!<\/p>\n<p><strong>Escala:<\/strong> 1:100.<\/p>\n<p><strong>Material:<\/strong> Base de metal con piezas de pl\u00e1stico.<\/p>","protected":false},"excerpt":{"rendered":"<p>Descubra este detallado modelo de fundici\u00f3n a presi\u00f3n del A10 Thunderbolt. Este robusto avi\u00f3n de ataque y apoyo terrestre, reconocido por su precisi\u00f3n y durabilidad, se presenta sobre una base de exhibici\u00f3n. \u00a1Perfecto para coleccionistas y aficionados a la aviaci\u00f3n! Escala: 1:100. Material: Base de metal con piezas de pl\u00e1stico.<\/p>","protected":false},"featured_media":17480,"template":"","meta":[],"product_brand":[],"product_cat":[309],"product_tag":[],"class_list":{"0":"post-17479","1":"product","2":"type-product","3":"status-publish","4":"has-post-thumbnail","6":"product_cat-maquetas","8":"first","9":"instock","10":"taxable","11":"shipping-taxable","12":"purchasable","13":"product-type-simple"},"_links":{"self":[{"href":"https:\/\/topofclimb.es\/en\/wp-json\/wp\/v2\/product\/17479","targetHints":{"allow":["GET"]}}],"collection":[{"href":"https:\/\/topofclimb.es\/en\/wp-json\/wp\/v2\/product"}],"about":[{"href":"https:\/\/topofclimb.es\/en\/wp-json\/wp\/v2\/types\/product"}],"wp:featuredmedia":[{"embeddable":true,"href":"https:\/\/topofclimb.es\/en\/wp-json\/wp\/v2\/media\/17480"}],"wp:attachment":[{"href":"https:\/\/topofclimb.es\/en\/wp-json\/wp\/v2\/media?parent=17479"}],"wp:term":[{"taxonomy":"product_brand","embeddable":true,"href":"https:\/\/topofclimb.es\/en\/wp-json\/wp\/v2\/product_brand?post=17479"},{"taxonomy":"product_cat","embeddable":true,"href":"https:\/\/topofclimb.es\/en\/wp-json\/wp\/v2\/product_cat?post=17479"},{"taxonomy":"product_tag","embeddable":true,"href":"https:\/\/topofclimb.es\/en\/wp-json\/wp\/v2\/product_tag?post=17479"}],"curies":[{"name":"wp","href":"https:\/\/api.w.org\/{rel}","templated":true}]}}