{"id":17468,"date":"2025-09-22T07:13:04","date_gmt":"2025-09-22T07:13:04","guid":{"rendered":"https:\/\/topofclimb.es\/?post_type=product&#038;p=17468"},"modified":"2026-02-03T13:47:48","modified_gmt":"2026-02-03T13:47:48","slug":"modelo-b-17-flying-fortress-ee-uu-escala-1144","status":"publish","type":"product","link":"https:\/\/topofclimb.es\/en\/product\/modelo-b-17-flying-fortress-ee-uu-escala-1144\/","title":{"rendered":"Modelo B-17 Flying Fortress EE. UU. Escala 1:144"},"content":{"rendered":"<p>Descubra este detallado modelo de fundici\u00f3n a presi\u00f3n del B-17 Flying Fortress USA.<br \/>\nEl ic\u00f3nico bombardero, reconocido por sus cruciales contribuciones durante la Segunda Guerra Mundial, se exhibe sobre una base.<br \/>\n\u00a1Perfecto para coleccionistas y entusiastas de la aviaci\u00f3n!<\/p>\n<p>Escala: 1:144.<\/p>\n<p>Material: Base de metal con piezas de pl\u00e1stico.<\/p>","protected":false},"excerpt":{"rendered":"<p>Descubra este detallado modelo de fundici\u00f3n a presi\u00f3n del B-17 Flying Fortress USA. El ic\u00f3nico bombardero, reconocido por sus cruciales contribuciones durante la Segunda Guerra Mundial, se exhibe sobre una base. \u00a1Perfecto para coleccionistas y entusiastas de la aviaci\u00f3n! Escala: 1:144. Material: Base de metal con piezas de pl\u00e1stico.<\/p>","protected":false},"featured_media":17470,"template":"","meta":[],"product_brand":[],"product_cat":[309],"product_tag":[],"class_list":{"0":"post-17468","1":"product","2":"type-product","3":"status-publish","4":"has-post-thumbnail","6":"product_cat-maquetas","8":"first","9":"instock","10":"taxable","11":"shipping-taxable","12":"purchasable","13":"product-type-simple"},"_links":{"self":[{"href":"https:\/\/topofclimb.es\/en\/wp-json\/wp\/v2\/product\/17468","targetHints":{"allow":["GET"]}}],"collection":[{"href":"https:\/\/topofclimb.es\/en\/wp-json\/wp\/v2\/product"}],"about":[{"href":"https:\/\/topofclimb.es\/en\/wp-json\/wp\/v2\/types\/product"}],"wp:featuredmedia":[{"embeddable":true,"href":"https:\/\/topofclimb.es\/en\/wp-json\/wp\/v2\/media\/17470"}],"wp:attachment":[{"href":"https:\/\/topofclimb.es\/en\/wp-json\/wp\/v2\/media?parent=17468"}],"wp:term":[{"taxonomy":"product_brand","embeddable":true,"href":"https:\/\/topofclimb.es\/en\/wp-json\/wp\/v2\/product_brand?post=17468"},{"taxonomy":"product_cat","embeddable":true,"href":"https:\/\/topofclimb.es\/en\/wp-json\/wp\/v2\/product_cat?post=17468"},{"taxonomy":"product_tag","embeddable":true,"href":"https:\/\/topofclimb.es\/en\/wp-json\/wp\/v2\/product_tag?post=17468"}],"curies":[{"name":"wp","href":"https:\/\/api.w.org\/{rel}","templated":true}]}}