{"id":17458,"date":"2025-09-21T16:54:51","date_gmt":"2025-09-21T16:54:51","guid":{"rendered":"https:\/\/topofclimb.es\/?post_type=product&#038;p=17458"},"modified":"2026-01-20T18:05:00","modified_gmt":"2026-01-20T18:05:00","slug":"gorra-de-beisbol-de-la-usaf","status":"publish","type":"product","link":"https:\/\/topofclimb.es\/en\/product\/gorra-de-beisbol-de-la-usaf\/","title":{"rendered":"Gorra de b\u00e9isbol de la USAF"},"content":{"rendered":"<p>Gorra de b\u00e9isbol fabricada 100% algod\u00f3n.<\/p>","protected":false},"excerpt":{"rendered":"<p>Gorra de b\u00e9isbol fabricada 100% algod\u00f3n.<\/p>","protected":false},"featured_media":17459,"template":"","meta":[],"product_brand":[],"product_cat":[109],"product_tag":[],"class_list":{"0":"post-17458","1":"product","2":"type-product","3":"status-publish","4":"has-post-thumbnail","6":"product_cat-gorras","8":"first","9":"instock","10":"taxable","11":"shipping-taxable","12":"purchasable","13":"product-type-simple"},"_links":{"self":[{"href":"https:\/\/topofclimb.es\/en\/wp-json\/wp\/v2\/product\/17458","targetHints":{"allow":["GET"]}}],"collection":[{"href":"https:\/\/topofclimb.es\/en\/wp-json\/wp\/v2\/product"}],"about":[{"href":"https:\/\/topofclimb.es\/en\/wp-json\/wp\/v2\/types\/product"}],"wp:featuredmedia":[{"embeddable":true,"href":"https:\/\/topofclimb.es\/en\/wp-json\/wp\/v2\/media\/17459"}],"wp:attachment":[{"href":"https:\/\/topofclimb.es\/en\/wp-json\/wp\/v2\/media?parent=17458"}],"wp:term":[{"taxonomy":"product_brand","embeddable":true,"href":"https:\/\/topofclimb.es\/en\/wp-json\/wp\/v2\/product_brand?post=17458"},{"taxonomy":"product_cat","embeddable":true,"href":"https:\/\/topofclimb.es\/en\/wp-json\/wp\/v2\/product_cat?post=17458"},{"taxonomy":"product_tag","embeddable":true,"href":"https:\/\/topofclimb.es\/en\/wp-json\/wp\/v2\/product_tag?post=17458"}],"curies":[{"name":"wp","href":"https:\/\/api.w.org\/{rel}","templated":true}]}}