{"id":17452,"date":"2025-09-21T16:41:59","date_gmt":"2025-09-21T16:41:59","guid":{"rendered":"https:\/\/topofclimb.es\/?post_type=product&#038;p=17452"},"modified":"2025-12-27T20:02:50","modified_gmt":"2025-12-27T20:02:50","slug":"rinonera-paracaidista","status":"publish","type":"product","link":"https:\/\/topofclimb.es\/en\/product\/rinonera-paracaidista\/","title":{"rendered":"Ri\u00f1onera Paracaidista"},"content":{"rendered":"<p>Ri\u00f1onera paraca\u00eddas 100 % nailon.<\/p>\n<p><strong>Caracter\u00edstica<\/strong>s: <\/p>\n<p>Cierre de paraca\u00eddas real para decoraci\u00f3n.<br \/>\nCintur\u00f3n de cadera c\u00f3modo<\/p>\n<p><strong>Dimensiones<\/strong>: 25 x 15 cm<\/p>","protected":false},"excerpt":{"rendered":"<p>Ri\u00f1onera paraca\u00eddas 100 % nailon. Caracter\u00edsticas: Cierre de paraca\u00eddas real para decoraci\u00f3n. Cintur\u00f3n de cadera c\u00f3modo Dimensiones: 25 x 15 cm<\/p>","protected":false},"featured_media":17453,"template":"","meta":[],"product_brand":[],"product_cat":[140,315],"product_tag":[],"class_list":{"0":"post-17452","1":"product","2":"type-product","3":"status-publish","4":"has-post-thumbnail","6":"product_cat-bolsas","7":"product_cat-mochilas","9":"first","10":"outofstock","11":"taxable","12":"shipping-taxable","13":"purchasable","14":"product-type-simple"},"_links":{"self":[{"href":"https:\/\/topofclimb.es\/en\/wp-json\/wp\/v2\/product\/17452","targetHints":{"allow":["GET"]}}],"collection":[{"href":"https:\/\/topofclimb.es\/en\/wp-json\/wp\/v2\/product"}],"about":[{"href":"https:\/\/topofclimb.es\/en\/wp-json\/wp\/v2\/types\/product"}],"wp:featuredmedia":[{"embeddable":true,"href":"https:\/\/topofclimb.es\/en\/wp-json\/wp\/v2\/media\/17453"}],"wp:attachment":[{"href":"https:\/\/topofclimb.es\/en\/wp-json\/wp\/v2\/media?parent=17452"}],"wp:term":[{"taxonomy":"product_brand","embeddable":true,"href":"https:\/\/topofclimb.es\/en\/wp-json\/wp\/v2\/product_brand?post=17452"},{"taxonomy":"product_cat","embeddable":true,"href":"https:\/\/topofclimb.es\/en\/wp-json\/wp\/v2\/product_cat?post=17452"},{"taxonomy":"product_tag","embeddable":true,"href":"https:\/\/topofclimb.es\/en\/wp-json\/wp\/v2\/product_tag?post=17452"}],"curies":[{"name":"wp","href":"https:\/\/api.w.org\/{rel}","templated":true}]}}