{"id":17434,"date":"2025-09-21T16:17:58","date_gmt":"2025-09-21T16:17:58","guid":{"rendered":"https:\/\/topofclimb.es\/?post_type=product&#038;p=17434"},"modified":"2026-03-06T13:18:29","modified_gmt":"2026-03-06T13:18:29","slug":"bolsa-de-lona-de-la-segunda-guerra-mundial-dia-d-1944","status":"publish","type":"product","link":"https:\/\/topofclimb.es\/en\/product\/bolsa-de-lona-de-la-segunda-guerra-mundial-dia-d-1944\/","title":{"rendered":"Bolsa de lona de la Segunda Guerra Mundial, D\u00eda D, 1944"},"content":{"rendered":"<p>Bolsa de lona de la Segunda Guerra Mundial, D\u00eda D, 1944<\/p>\n<p>Bolsa de lona \u00fanica con estampado de la Segunda Guerra Mundial.<br \/>\nBonita bolsa de lona para uso diario.<br \/>\nEsta bolsa luce la impresi\u00f3n del D\u00eda D de 1944 y la Estrella Aliada del Ej\u00e9rcito de EE. UU.<\/p>\n<p>Dimensiones: 32 x 12 x 24 cm<br \/>\nLongitud m\u00e1xima de la correa: 125 cm<br \/>\nContenido: 10 litros<\/p>","protected":false},"excerpt":{"rendered":"<p>Bolsa de lona de la Segunda Guerra Mundial, D\u00eda D, 1944 Bolsa de lona \u00fanica con estampado de la Segunda Guerra Mundial. Bonita bolsa de lona para uso diario. Esta bolsa luce la impresi\u00f3n del D\u00eda D de 1944 y la Estrella Aliada del Ej\u00e9rcito de EE. UU. Dimensiones: 32 x 12 x 24 cm [&#8230;]\n","protected":false},"featured_media":17435,"template":"","meta":[],"product_brand":[],"product_cat":[140,315],"product_tag":[],"class_list":{"0":"post-17434","1":"product","2":"type-product","3":"status-publish","4":"has-post-thumbnail","6":"product_cat-bolsas","7":"product_cat-mochilas","9":"first","10":"outofstock","11":"taxable","12":"shipping-taxable","13":"purchasable","14":"product-type-simple"},"_links":{"self":[{"href":"https:\/\/topofclimb.es\/en\/wp-json\/wp\/v2\/product\/17434","targetHints":{"allow":["GET"]}}],"collection":[{"href":"https:\/\/topofclimb.es\/en\/wp-json\/wp\/v2\/product"}],"about":[{"href":"https:\/\/topofclimb.es\/en\/wp-json\/wp\/v2\/types\/product"}],"wp:featuredmedia":[{"embeddable":true,"href":"https:\/\/topofclimb.es\/en\/wp-json\/wp\/v2\/media\/17435"}],"wp:attachment":[{"href":"https:\/\/topofclimb.es\/en\/wp-json\/wp\/v2\/media?parent=17434"}],"wp:term":[{"taxonomy":"product_brand","embeddable":true,"href":"https:\/\/topofclimb.es\/en\/wp-json\/wp\/v2\/product_brand?post=17434"},{"taxonomy":"product_cat","embeddable":true,"href":"https:\/\/topofclimb.es\/en\/wp-json\/wp\/v2\/product_cat?post=17434"},{"taxonomy":"product_tag","embeddable":true,"href":"https:\/\/topofclimb.es\/en\/wp-json\/wp\/v2\/product_tag?post=17434"}],"curies":[{"name":"wp","href":"https:\/\/api.w.org\/{rel}","templated":true}]}}