{"id":17411,"date":"2025-09-16T10:05:09","date_gmt":"2025-09-16T10:05:09","guid":{"rendered":"https:\/\/topofclimb.es\/?post_type=product&#038;p=17411"},"modified":"2026-01-11T10:59:41","modified_gmt":"2026-01-11T10:59:41","slug":"lanyard-cabo-nautico","status":"publish","type":"product","link":"https:\/\/topofclimb.es\/en\/product\/lanyard-cabo-nautico\/","title":{"rendered":"Lanyard Cabo N\u00e1utico"},"content":{"rendered":"<p>Resistente Lanyard realizado con cabo n\u00e1utico perfecto para colgar tus gafas, tus acreditaciones o tu m\u00f3vil.<\/p>","protected":false},"excerpt":{"rendered":"<p>Resistente Lanyard realizado con cabo n\u00e1utico perfecto para colgar tus gafas, tus acreditaciones o tu m\u00f3vil.<\/p>","protected":false},"featured_media":17383,"template":"","meta":[],"product_brand":[],"product_cat":[201,326],"product_tag":[],"class_list":{"0":"post-17411","1":"product","2":"type-product","3":"status-publish","4":"has-post-thumbnail","6":"product_cat-lanyard","7":"product_cat-novedades","9":"first","10":"instock","11":"taxable","12":"shipping-taxable","13":"purchasable","14":"product-type-variable"},"_links":{"self":[{"href":"https:\/\/topofclimb.es\/en\/wp-json\/wp\/v2\/product\/17411","targetHints":{"allow":["GET"]}}],"collection":[{"href":"https:\/\/topofclimb.es\/en\/wp-json\/wp\/v2\/product"}],"about":[{"href":"https:\/\/topofclimb.es\/en\/wp-json\/wp\/v2\/types\/product"}],"wp:featuredmedia":[{"embeddable":true,"href":"https:\/\/topofclimb.es\/en\/wp-json\/wp\/v2\/media\/17383"}],"wp:attachment":[{"href":"https:\/\/topofclimb.es\/en\/wp-json\/wp\/v2\/media?parent=17411"}],"wp:term":[{"taxonomy":"product_brand","embeddable":true,"href":"https:\/\/topofclimb.es\/en\/wp-json\/wp\/v2\/product_brand?post=17411"},{"taxonomy":"product_cat","embeddable":true,"href":"https:\/\/topofclimb.es\/en\/wp-json\/wp\/v2\/product_cat?post=17411"},{"taxonomy":"product_tag","embeddable":true,"href":"https:\/\/topofclimb.es\/en\/wp-json\/wp\/v2\/product_tag?post=17411"}],"curies":[{"name":"wp","href":"https:\/\/api.w.org\/{rel}","templated":true}]}}