{"id":17334,"date":"2025-08-12T11:20:36","date_gmt":"2025-08-12T11:20:36","guid":{"rendered":"https:\/\/topofclimb.es\/?post_type=product&#038;p=17334"},"modified":"2026-04-20T11:49:02","modified_gmt":"2026-04-20T11:49:02","slug":"abrecartas-helice","status":"publish","type":"product","link":"https:\/\/topofclimb.es\/en\/product\/abrecartas-helice\/","title":{"rendered":"Abrecartas H\u00e9lice"},"content":{"rendered":"<p>Abrecartas de h\u00e9lice hecho de peltre ingl\u00e9s.<\/p>","protected":false},"excerpt":{"rendered":"<p>Abrecartas de h\u00e9lice hecho de peltre ingl\u00e9s.<\/p>","protected":false},"featured_media":17336,"template":"","meta":[],"product_brand":[],"product_cat":[325,71,326],"product_tag":[],"class_list":{"0":"post-17334","1":"product","2":"type-product","3":"status-publish","4":"has-post-thumbnail","6":"product_cat-abrecartas","7":"product_cat-accesorios","8":"product_cat-novedades","10":"first","11":"outofstock","12":"taxable","13":"shipping-taxable","14":"purchasable","15":"product-type-simple"},"_links":{"self":[{"href":"https:\/\/topofclimb.es\/en\/wp-json\/wp\/v2\/product\/17334","targetHints":{"allow":["GET"]}}],"collection":[{"href":"https:\/\/topofclimb.es\/en\/wp-json\/wp\/v2\/product"}],"about":[{"href":"https:\/\/topofclimb.es\/en\/wp-json\/wp\/v2\/types\/product"}],"wp:featuredmedia":[{"embeddable":true,"href":"https:\/\/topofclimb.es\/en\/wp-json\/wp\/v2\/media\/17336"}],"wp:attachment":[{"href":"https:\/\/topofclimb.es\/en\/wp-json\/wp\/v2\/media?parent=17334"}],"wp:term":[{"taxonomy":"product_brand","embeddable":true,"href":"https:\/\/topofclimb.es\/en\/wp-json\/wp\/v2\/product_brand?post=17334"},{"taxonomy":"product_cat","embeddable":true,"href":"https:\/\/topofclimb.es\/en\/wp-json\/wp\/v2\/product_cat?post=17334"},{"taxonomy":"product_tag","embeddable":true,"href":"https:\/\/topofclimb.es\/en\/wp-json\/wp\/v2\/product_tag?post=17334"}],"curies":[{"name":"wp","href":"https:\/\/api.w.org\/{rel}","templated":true}]}}