{"id":17326,"date":"2025-08-12T10:52:06","date_gmt":"2025-08-12T10:52:06","guid":{"rendered":"https:\/\/topofclimb.es\/?post_type=product&#038;p=17326"},"modified":"2025-09-12T07:43:08","modified_gmt":"2025-09-12T07:43:08","slug":"pendientes-spitfire","status":"publish","type":"product","link":"https:\/\/topofclimb.es\/en\/product\/pendientes-spitfire\/","title":{"rendered":"Pendientes Spitfire"},"content":{"rendered":"<p>Bellamente detallado<br \/>\nMaterial: Aleaci\u00f3n de metal chapada en oro de 22 quilates.<br \/>\nTama\u00f1o: Longitud de la aeronave aprox. 25mm.<br \/>\nFijaci\u00f3n: Perno<br \/>\nSe suministra en una peque\u00f1a caja de joyer\u00eda.<\/p>","protected":false},"excerpt":{"rendered":"<p>Bellamente detallado Material: Aleaci\u00f3n de metal chapada en oro de 22 quilates. Tama\u00f1o: Longitud de la aeronave aprox. 25mm. Fijaci\u00f3n: Perno Se suministra en una peque\u00f1a caja de joyer\u00eda.<\/p>","protected":false},"featured_media":17353,"template":"","meta":[],"product_brand":[],"product_cat":[126,326],"product_tag":[],"class_list":{"0":"post-17326","1":"product","2":"type-product","3":"status-publish","4":"has-post-thumbnail","6":"product_cat-joyeria","7":"product_cat-novedades","9":"first","10":"instock","11":"taxable","12":"shipping-taxable","13":"purchasable","14":"product-type-simple"},"_links":{"self":[{"href":"https:\/\/topofclimb.es\/en\/wp-json\/wp\/v2\/product\/17326","targetHints":{"allow":["GET"]}}],"collection":[{"href":"https:\/\/topofclimb.es\/en\/wp-json\/wp\/v2\/product"}],"about":[{"href":"https:\/\/topofclimb.es\/en\/wp-json\/wp\/v2\/types\/product"}],"wp:featuredmedia":[{"embeddable":true,"href":"https:\/\/topofclimb.es\/en\/wp-json\/wp\/v2\/media\/17353"}],"wp:attachment":[{"href":"https:\/\/topofclimb.es\/en\/wp-json\/wp\/v2\/media?parent=17326"}],"wp:term":[{"taxonomy":"product_brand","embeddable":true,"href":"https:\/\/topofclimb.es\/en\/wp-json\/wp\/v2\/product_brand?post=17326"},{"taxonomy":"product_cat","embeddable":true,"href":"https:\/\/topofclimb.es\/en\/wp-json\/wp\/v2\/product_cat?post=17326"},{"taxonomy":"product_tag","embeddable":true,"href":"https:\/\/topofclimb.es\/en\/wp-json\/wp\/v2\/product_tag?post=17326"}],"curies":[{"name":"wp","href":"https:\/\/api.w.org\/{rel}","templated":true}]}}