{"id":17322,"date":"2025-08-12T10:23:56","date_gmt":"2025-08-12T10:23:56","guid":{"rendered":"https:\/\/topofclimb.es\/?post_type=product&#038;p=17322"},"modified":"2026-04-17T10:31:25","modified_gmt":"2026-04-17T10:31:25","slug":"marco-de-fotos-del-eurofighter","status":"publish","type":"product","link":"https:\/\/topofclimb.es\/en\/product\/marco-de-fotos-del-eurofighter\/","title":{"rendered":"Marco de fotos del Eurofighter"},"content":{"rendered":"<p>Marco de fotos del Eurofighter.<br \/>\nImpresionante peltre antiguo y cobre cepillado.<br \/>\nRegalo ideal para entusiastas de la aviaci\u00f3n y pilotos.<br \/>\nHecho a mano en el Reino Unido<br \/>\nDimensiones exteriores de 20 x 15 cent\u00edmetros para adaptarse a una foto de 10\u00d715 cent\u00edmetros<\/p>","protected":false},"excerpt":{"rendered":"<p>Marco de fotos del Eurofighter. Impresionante peltre antiguo y cobre cepillado. Regalo ideal para entusiastas de la aviaci\u00f3n y pilotos. Hecho a mano en el Reino Unido Dimensiones exteriores de 20 x 15 cent\u00edmetros para adaptarse a una foto de 10\u00d715 cent\u00edmetros<\/p>","protected":false},"featured_media":17340,"template":"","meta":[],"product_brand":[],"product_cat":[71,245,326],"product_tag":[],"class_list":{"0":"post-17322","1":"product","2":"type-product","3":"status-publish","4":"has-post-thumbnail","6":"product_cat-accesorios","7":"product_cat-hogar","8":"product_cat-novedades","10":"first","11":"outofstock","12":"taxable","13":"shipping-taxable","14":"purchasable","15":"product-type-simple"},"_links":{"self":[{"href":"https:\/\/topofclimb.es\/en\/wp-json\/wp\/v2\/product\/17322","targetHints":{"allow":["GET"]}}],"collection":[{"href":"https:\/\/topofclimb.es\/en\/wp-json\/wp\/v2\/product"}],"about":[{"href":"https:\/\/topofclimb.es\/en\/wp-json\/wp\/v2\/types\/product"}],"wp:featuredmedia":[{"embeddable":true,"href":"https:\/\/topofclimb.es\/en\/wp-json\/wp\/v2\/media\/17340"}],"wp:attachment":[{"href":"https:\/\/topofclimb.es\/en\/wp-json\/wp\/v2\/media?parent=17322"}],"wp:term":[{"taxonomy":"product_brand","embeddable":true,"href":"https:\/\/topofclimb.es\/en\/wp-json\/wp\/v2\/product_brand?post=17322"},{"taxonomy":"product_cat","embeddable":true,"href":"https:\/\/topofclimb.es\/en\/wp-json\/wp\/v2\/product_cat?post=17322"},{"taxonomy":"product_tag","embeddable":true,"href":"https:\/\/topofclimb.es\/en\/wp-json\/wp\/v2\/product_tag?post=17322"}],"curies":[{"name":"wp","href":"https:\/\/api.w.org\/{rel}","templated":true}]}}