{"id":17307,"date":"2025-08-11T19:16:07","date_gmt":"2025-08-11T19:16:07","guid":{"rendered":"https:\/\/topofclimb.es\/?post_type=product&#038;p=17307"},"modified":"2026-04-17T10:30:06","modified_gmt":"2026-04-17T10:30:06","slug":"reloj-de-escritorio-airbus-a320","status":"publish","type":"product","link":"https:\/\/topofclimb.es\/en\/product\/reloj-de-escritorio-airbus-a320\/","title":{"rendered":"Reloj de escritorio Airbus A320"},"content":{"rendered":"<p>Reloj de escritorio del Airbus A320<br \/>\nCuenta con una base de madera negra, un reloj anal\u00f3gico, un modelo de avi\u00f3n de peltre y una placa con nombre.<br \/>\nDisponible en peltre antiguo.<br \/>\nRegalo ideal para entusiastas de la aviaci\u00f3n y pilotos.<br \/>\nSe suministra en una elegante caja de presentaci\u00f3n.<br \/>\nRegalo \u00fanico hecho a mano.<\/p>","protected":false},"excerpt":{"rendered":"<p>Reloj de escritorio del Airbus A320 Cuenta con una base de madera negra, un reloj anal\u00f3gico, un modelo de avi\u00f3n de peltre y una placa con nombre. Disponible en peltre antiguo. Regalo ideal para entusiastas de la aviaci\u00f3n y pilotos. Se suministra en una elegante caja de presentaci\u00f3n. Regalo \u00fanico hecho a mano.<\/p>","protected":false},"featured_media":17308,"template":"","meta":[],"product_brand":[],"product_cat":[71,245,326,83],"product_tag":[],"class_list":{"0":"post-17307","1":"product","2":"type-product","3":"status-publish","4":"has-post-thumbnail","6":"product_cat-accesorios","7":"product_cat-hogar","8":"product_cat-novedades","9":"product_cat-relojes","11":"first","12":"outofstock","13":"taxable","14":"shipping-taxable","15":"purchasable","16":"product-type-simple"},"_links":{"self":[{"href":"https:\/\/topofclimb.es\/en\/wp-json\/wp\/v2\/product\/17307","targetHints":{"allow":["GET"]}}],"collection":[{"href":"https:\/\/topofclimb.es\/en\/wp-json\/wp\/v2\/product"}],"about":[{"href":"https:\/\/topofclimb.es\/en\/wp-json\/wp\/v2\/types\/product"}],"wp:featuredmedia":[{"embeddable":true,"href":"https:\/\/topofclimb.es\/en\/wp-json\/wp\/v2\/media\/17308"}],"wp:attachment":[{"href":"https:\/\/topofclimb.es\/en\/wp-json\/wp\/v2\/media?parent=17307"}],"wp:term":[{"taxonomy":"product_brand","embeddable":true,"href":"https:\/\/topofclimb.es\/en\/wp-json\/wp\/v2\/product_brand?post=17307"},{"taxonomy":"product_cat","embeddable":true,"href":"https:\/\/topofclimb.es\/en\/wp-json\/wp\/v2\/product_cat?post=17307"},{"taxonomy":"product_tag","embeddable":true,"href":"https:\/\/topofclimb.es\/en\/wp-json\/wp\/v2\/product_tag?post=17307"}],"curies":[{"name":"wp","href":"https:\/\/api.w.org\/{rel}","templated":true}]}}