{"id":17297,"date":"2025-08-11T18:49:44","date_gmt":"2025-08-11T18:49:44","guid":{"rendered":"https:\/\/topofclimb.es\/?post_type=product&#038;p=17297"},"modified":"2026-04-15T11:02:24","modified_gmt":"2026-04-15T11:02:24","slug":"iman-boeing-737","status":"publish","type":"product","link":"https:\/\/topofclimb.es\/en\/product\/iman-boeing-737\/","title":{"rendered":"Im\u00e1n Boeing 737"},"content":{"rendered":"<p>Im\u00e1n del Boeing 737<br \/>\nRegalo ideal para entusiastas de la aviaci\u00f3n y pilotos.<br \/>\nImpresionante acabado en peltre antiguo.<br \/>\nHecho a mano en el Reino Unido<br \/>\nPresenta un modelo de avi\u00f3n de peltre con un im\u00e1n de alta resistencia.<\/p>","protected":false},"excerpt":{"rendered":"<p>Im\u00e1n del Boeing 737 Regalo ideal para entusiastas de la aviaci\u00f3n y pilotos. Impresionante acabado en peltre antiguo. Hecho a mano en el Reino Unido Presenta un modelo de avi\u00f3n de peltre con un im\u00e1n de alta resistencia.<\/p>","protected":false},"featured_media":17298,"template":"","meta":[],"product_brand":[],"product_cat":[322,326],"product_tag":[],"class_list":{"0":"post-17297","1":"product","2":"type-product","3":"status-publish","4":"has-post-thumbnail","6":"product_cat-imanes","7":"product_cat-novedades","9":"first","10":"outofstock","11":"taxable","12":"shipping-taxable","13":"purchasable","14":"product-type-simple"},"_links":{"self":[{"href":"https:\/\/topofclimb.es\/en\/wp-json\/wp\/v2\/product\/17297","targetHints":{"allow":["GET"]}}],"collection":[{"href":"https:\/\/topofclimb.es\/en\/wp-json\/wp\/v2\/product"}],"about":[{"href":"https:\/\/topofclimb.es\/en\/wp-json\/wp\/v2\/types\/product"}],"wp:featuredmedia":[{"embeddable":true,"href":"https:\/\/topofclimb.es\/en\/wp-json\/wp\/v2\/media\/17298"}],"wp:attachment":[{"href":"https:\/\/topofclimb.es\/en\/wp-json\/wp\/v2\/media?parent=17297"}],"wp:term":[{"taxonomy":"product_brand","embeddable":true,"href":"https:\/\/topofclimb.es\/en\/wp-json\/wp\/v2\/product_brand?post=17297"},{"taxonomy":"product_cat","embeddable":true,"href":"https:\/\/topofclimb.es\/en\/wp-json\/wp\/v2\/product_cat?post=17297"},{"taxonomy":"product_tag","embeddable":true,"href":"https:\/\/topofclimb.es\/en\/wp-json\/wp\/v2\/product_tag?post=17297"}],"curies":[{"name":"wp","href":"https:\/\/api.w.org\/{rel}","templated":true}]}}