{"id":17296,"date":"2025-08-11T18:35:05","date_gmt":"2025-08-11T18:35:05","guid":{"rendered":"https:\/\/topofclimb.es\/?post_type=product&#038;p=17296"},"modified":"2026-04-15T11:02:24","modified_gmt":"2026-04-15T11:02:24","slug":"iman-del-airbus-a320","status":"publish","type":"product","link":"https:\/\/topofclimb.es\/en\/product\/iman-del-airbus-a320\/","title":{"rendered":"Im\u00e1n del Airbus A320"},"content":{"rendered":"<p>Im\u00e1n del Airbus A320<br \/>\nRegalo ideal para entusiastas de la aviaci\u00f3n y pilotos.<br \/>\nImpresionante acabado de peltre antiguo.<br \/>\nHecho a mano en el Reino Unido<br \/>\nPresenta un modelo de avi\u00f3n de peltre con un im\u00e1n de alta resistencia.<\/p>","protected":false},"excerpt":{"rendered":"<p>Im\u00e1n del Airbus A320 Regalo ideal para entusiastas de la aviaci\u00f3n y pilotos. Impresionante acabado de peltre antiguo. Hecho a mano en el Reino Unido Presenta un modelo de avi\u00f3n de peltre con un im\u00e1n de alta resistencia.<\/p>","protected":false},"featured_media":17337,"template":"","meta":[],"product_brand":[],"product_cat":[71,322,326],"product_tag":[],"class_list":{"0":"post-17296","1":"product","2":"type-product","3":"status-publish","4":"has-post-thumbnail","6":"product_cat-accesorios","7":"product_cat-imanes","8":"product_cat-novedades","10":"first","11":"outofstock","12":"taxable","13":"shipping-taxable","14":"purchasable","15":"product-type-simple"},"_links":{"self":[{"href":"https:\/\/topofclimb.es\/en\/wp-json\/wp\/v2\/product\/17296","targetHints":{"allow":["GET"]}}],"collection":[{"href":"https:\/\/topofclimb.es\/en\/wp-json\/wp\/v2\/product"}],"about":[{"href":"https:\/\/topofclimb.es\/en\/wp-json\/wp\/v2\/types\/product"}],"wp:featuredmedia":[{"embeddable":true,"href":"https:\/\/topofclimb.es\/en\/wp-json\/wp\/v2\/media\/17337"}],"wp:attachment":[{"href":"https:\/\/topofclimb.es\/en\/wp-json\/wp\/v2\/media?parent=17296"}],"wp:term":[{"taxonomy":"product_brand","embeddable":true,"href":"https:\/\/topofclimb.es\/en\/wp-json\/wp\/v2\/product_brand?post=17296"},{"taxonomy":"product_cat","embeddable":true,"href":"https:\/\/topofclimb.es\/en\/wp-json\/wp\/v2\/product_cat?post=17296"},{"taxonomy":"product_tag","embeddable":true,"href":"https:\/\/topofclimb.es\/en\/wp-json\/wp\/v2\/product_tag?post=17296"}],"curies":[{"name":"wp","href":"https:\/\/api.w.org\/{rel}","templated":true}]}}