{"id":17270,"date":"2025-07-03T08:46:29","date_gmt":"2025-07-03T08:46:29","guid":{"rendered":"https:\/\/topofclimb.es\/?post_type=product&#038;p=17270"},"modified":"2026-02-03T17:27:07","modified_gmt":"2026-02-03T17:27:07","slug":"maqueta-air-canada-b-787-9-1-200","status":"publish","type":"product","link":"https:\/\/topofclimb.es\/en\/product\/maqueta-air-canada-b-787-9-1-200\/","title":{"rendered":"Maqueta Air Canad\u00e1 B 787-9 1\/200"},"content":{"rendered":"<p>La Maqueta Boeing B 787-9 Air Canad\u00e1 est\u00e1 fabricada con pl\u00e1stico de alta calidad y con gran calidad de detalles.<\/p>\n<p>Aerol\u00ednea: Air Canad\u00e1<\/p>\n<p>Modelo: Boeing B 787-9<\/p>\n<p>Escala: 1\/200<\/p>\n<p>Material: Pl\u00e1stico de Alta calidad<\/p>\n<p>Accesorios incluidos: Peana<\/p>","protected":false},"excerpt":{"rendered":"<p>La Maqueta Boeing B 787-9 Air Canad\u00e1 est\u00e1 fabricada con pl\u00e1stico de alta calidad y con gran calidad de detalles. Aerol\u00ednea: Air Canad\u00e1 Modelo: Boeing B 787-9 Escala: 1\/200 Material: Pl\u00e1stico de Alta calidad Accesorios incluidos: Peana<\/p>","protected":false},"featured_media":17271,"template":"","meta":[],"product_brand":[],"product_cat":[309],"product_tag":[],"class_list":{"0":"post-17270","1":"product","2":"type-product","3":"status-publish","4":"has-post-thumbnail","6":"product_cat-maquetas","8":"first","9":"instock","10":"taxable","11":"shipping-taxable","12":"purchasable","13":"product-type-simple"},"_links":{"self":[{"href":"https:\/\/topofclimb.es\/en\/wp-json\/wp\/v2\/product\/17270","targetHints":{"allow":["GET"]}}],"collection":[{"href":"https:\/\/topofclimb.es\/en\/wp-json\/wp\/v2\/product"}],"about":[{"href":"https:\/\/topofclimb.es\/en\/wp-json\/wp\/v2\/types\/product"}],"wp:featuredmedia":[{"embeddable":true,"href":"https:\/\/topofclimb.es\/en\/wp-json\/wp\/v2\/media\/17271"}],"wp:attachment":[{"href":"https:\/\/topofclimb.es\/en\/wp-json\/wp\/v2\/media?parent=17270"}],"wp:term":[{"taxonomy":"product_brand","embeddable":true,"href":"https:\/\/topofclimb.es\/en\/wp-json\/wp\/v2\/product_brand?post=17270"},{"taxonomy":"product_cat","embeddable":true,"href":"https:\/\/topofclimb.es\/en\/wp-json\/wp\/v2\/product_cat?post=17270"},{"taxonomy":"product_tag","embeddable":true,"href":"https:\/\/topofclimb.es\/en\/wp-json\/wp\/v2\/product_tag?post=17270"}],"curies":[{"name":"wp","href":"https:\/\/api.w.org\/{rel}","templated":true}]}}