{"id":17232,"date":"2025-03-12T12:34:48","date_gmt":"2025-03-12T12:34:48","guid":{"rendered":"https:\/?post_type=product&#038;p=17232"},"modified":"2026-03-25T14:06:41","modified_gmt":"2026-03-25T14:06:41","slug":"cinturon-uniforme-piloto","status":"publish","type":"product","link":"https:\/\/topofclimb.es\/en\/product\/cinturon-uniforme-piloto\/","title":{"rendered":"Cintur\u00f3n Uniforme Piloto"},"content":{"rendered":"<p>Cintur\u00f3n de piel liso con hebilla met\u00e1lica desmontable. Ancho 30mm.<\/p>","protected":false},"excerpt":{"rendered":"<p>Cintur\u00f3n de piel liso con hebilla met\u00e1lica desmontable. Ancho 30mm.<\/p>","protected":false},"featured_media":17235,"template":"","meta":[],"product_brand":[],"product_cat":[279,278],"product_tag":[],"class_list":{"0":"post-17232","1":"product","2":"type-product","3":"status-publish","4":"has-post-thumbnail","6":"product_cat-tienda-aeronautica","7":"product_cat-uniformidad","9":"first","10":"instock","11":"taxable","12":"shipping-taxable","13":"purchasable","14":"product-type-variable"},"_links":{"self":[{"href":"https:\/\/topofclimb.es\/en\/wp-json\/wp\/v2\/product\/17232","targetHints":{"allow":["GET"]}}],"collection":[{"href":"https:\/\/topofclimb.es\/en\/wp-json\/wp\/v2\/product"}],"about":[{"href":"https:\/\/topofclimb.es\/en\/wp-json\/wp\/v2\/types\/product"}],"wp:featuredmedia":[{"embeddable":true,"href":"https:\/\/topofclimb.es\/en\/wp-json\/wp\/v2\/media\/17235"}],"wp:attachment":[{"href":"https:\/\/topofclimb.es\/en\/wp-json\/wp\/v2\/media?parent=17232"}],"wp:term":[{"taxonomy":"product_brand","embeddable":true,"href":"https:\/\/topofclimb.es\/en\/wp-json\/wp\/v2\/product_brand?post=17232"},{"taxonomy":"product_cat","embeddable":true,"href":"https:\/\/topofclimb.es\/en\/wp-json\/wp\/v2\/product_cat?post=17232"},{"taxonomy":"product_tag","embeddable":true,"href":"https:\/\/topofclimb.es\/en\/wp-json\/wp\/v2\/product_tag?post=17232"}],"curies":[{"name":"wp","href":"https:\/\/api.w.org\/{rel}","templated":true}]}}