{"id":17213,"date":"2025-02-24T20:08:49","date_gmt":"2025-02-24T20:08:49","guid":{"rendered":"https:\/?post_type=product&#038;p=17213"},"modified":"2026-04-16T11:57:34","modified_gmt":"2026-04-16T11:57:34","slug":"pantalon-uniforme-de-piloto","status":"publish","type":"product","link":"https:\/\/topofclimb.es\/en\/product\/pantalon-uniforme-de-piloto\/","title":{"rendered":"Pantal\u00f3n Uniforme de Piloto"},"content":{"rendered":"<p>Ideal para pilotos de Compa\u00f1\u00eda A\u00e9rea, escuelas de vuelo o pilotos privados que quieran disfrutar del confort y utilidad de esta prenda.<\/p>","protected":false},"excerpt":{"rendered":"<p>Ideal para pilotos de Compa\u00f1\u00eda A\u00e9rea, escuelas de vuelo o pilotos privados que quieran disfrutar del confort y utilidad de esta prenda.<\/p>","protected":false},"featured_media":17214,"template":"","meta":[],"product_brand":[],"product_cat":[279,278],"product_tag":[],"class_list":{"0":"post-17213","1":"product","2":"type-product","3":"status-publish","4":"has-post-thumbnail","6":"product_cat-tienda-aeronautica","7":"product_cat-uniformidad","9":"first","10":"instock","11":"taxable","12":"shipping-taxable","13":"purchasable","14":"product-type-variable"},"_links":{"self":[{"href":"https:\/\/topofclimb.es\/en\/wp-json\/wp\/v2\/product\/17213","targetHints":{"allow":["GET"]}}],"collection":[{"href":"https:\/\/topofclimb.es\/en\/wp-json\/wp\/v2\/product"}],"about":[{"href":"https:\/\/topofclimb.es\/en\/wp-json\/wp\/v2\/types\/product"}],"wp:featuredmedia":[{"embeddable":true,"href":"https:\/\/topofclimb.es\/en\/wp-json\/wp\/v2\/media\/17214"}],"wp:attachment":[{"href":"https:\/\/topofclimb.es\/en\/wp-json\/wp\/v2\/media?parent=17213"}],"wp:term":[{"taxonomy":"product_brand","embeddable":true,"href":"https:\/\/topofclimb.es\/en\/wp-json\/wp\/v2\/product_brand?post=17213"},{"taxonomy":"product_cat","embeddable":true,"href":"https:\/\/topofclimb.es\/en\/wp-json\/wp\/v2\/product_cat?post=17213"},{"taxonomy":"product_tag","embeddable":true,"href":"https:\/\/topofclimb.es\/en\/wp-json\/wp\/v2\/product_tag?post=17213"}],"curies":[{"name":"wp","href":"https:\/\/api.w.org\/{rel}","templated":true}]}}