{"id":17155,"date":"2025-02-18T07:36:08","date_gmt":"2025-02-18T07:36:08","guid":{"rendered":"https:\/?post_type=product&#038;p=17155"},"modified":"2026-03-06T10:00:17","modified_gmt":"2026-03-06T10:00:17","slug":"taza-atletico-aviacion","status":"publish","type":"product","link":"https:\/\/topofclimb.es\/en\/product\/taza-atletico-aviacion\/","title":{"rendered":"Taza Atl\u00e9tico Aviaci\u00f3n"},"content":{"rendered":"<p>Disfruta de tus desayunos o meriendas con esta fant\u00e1stica taza del Atl\u00e9tico Aviaci\u00f3n.<\/p>","protected":false},"excerpt":{"rendered":"<p>Disfruta de tus desayunos o meriendas con esta fant\u00e1stica taza del Atl\u00e9tico Aviaci\u00f3n.<\/p>","protected":false},"featured_media":17156,"template":"","meta":[],"product_brand":[],"product_cat":[319,78],"product_tag":[],"class_list":{"0":"post-17155","1":"product","2":"type-product","3":"status-publish","4":"has-post-thumbnail","6":"product_cat-atletico-de-aviacion","7":"product_cat-tazas","9":"first","10":"outofstock","11":"taxable","12":"shipping-taxable","13":"purchasable","14":"product-type-simple"},"_links":{"self":[{"href":"https:\/\/topofclimb.es\/en\/wp-json\/wp\/v2\/product\/17155","targetHints":{"allow":["GET"]}}],"collection":[{"href":"https:\/\/topofclimb.es\/en\/wp-json\/wp\/v2\/product"}],"about":[{"href":"https:\/\/topofclimb.es\/en\/wp-json\/wp\/v2\/types\/product"}],"wp:featuredmedia":[{"embeddable":true,"href":"https:\/\/topofclimb.es\/en\/wp-json\/wp\/v2\/media\/17156"}],"wp:attachment":[{"href":"https:\/\/topofclimb.es\/en\/wp-json\/wp\/v2\/media?parent=17155"}],"wp:term":[{"taxonomy":"product_brand","embeddable":true,"href":"https:\/\/topofclimb.es\/en\/wp-json\/wp\/v2\/product_brand?post=17155"},{"taxonomy":"product_cat","embeddable":true,"href":"https:\/\/topofclimb.es\/en\/wp-json\/wp\/v2\/product_cat?post=17155"},{"taxonomy":"product_tag","embeddable":true,"href":"https:\/\/topofclimb.es\/en\/wp-json\/wp\/v2\/product_tag?post=17155"}],"curies":[{"name":"wp","href":"https:\/\/api.w.org\/{rel}","templated":true}]}}