{"id":17143,"date":"2025-02-17T14:19:43","date_gmt":"2025-02-17T14:19:43","guid":{"rendered":"https:\/?post_type=product&#038;p=17143"},"modified":"2026-01-05T10:08:48","modified_gmt":"2026-01-05T10:08:48","slug":"maqueta-dhl-b-777-200-fr-1-200","status":"publish","type":"product","link":"https:\/\/topofclimb.es\/en\/product\/maqueta-dhl-b-777-200-fr-1-200\/","title":{"rendered":"Maqueta DHL B 777-200 fr 1\/200"},"content":{"rendered":"<p>Escala: 1\/200<br \/>\nAerol\u00ednea: DHL<br \/>\nAvi\u00f3n: Boeing 777-200<br \/>\nPa\u00eds: Alemania<br \/>\nMaterial: Pl\u00e1stico<br \/>\nPeso: 500g<\/p>","protected":false},"excerpt":{"rendered":"<p>Escala: 1\/200 Aerol\u00ednea: DHL Avi\u00f3n: Boeing 777-200 Pa\u00eds: Alemania Material: Pl\u00e1stico Peso: 500g<\/p>","protected":false},"featured_media":17144,"template":"","meta":[],"product_brand":[],"product_cat":[309],"product_tag":[],"class_list":{"0":"post-17143","1":"product","2":"type-product","3":"status-publish","4":"has-post-thumbnail","6":"product_cat-maquetas","8":"first","9":"instock","10":"taxable","11":"shipping-taxable","12":"purchasable","13":"product-type-simple"},"_links":{"self":[{"href":"https:\/\/topofclimb.es\/en\/wp-json\/wp\/v2\/product\/17143","targetHints":{"allow":["GET"]}}],"collection":[{"href":"https:\/\/topofclimb.es\/en\/wp-json\/wp\/v2\/product"}],"about":[{"href":"https:\/\/topofclimb.es\/en\/wp-json\/wp\/v2\/types\/product"}],"wp:featuredmedia":[{"embeddable":true,"href":"https:\/\/topofclimb.es\/en\/wp-json\/wp\/v2\/media\/17144"}],"wp:attachment":[{"href":"https:\/\/topofclimb.es\/en\/wp-json\/wp\/v2\/media?parent=17143"}],"wp:term":[{"taxonomy":"product_brand","embeddable":true,"href":"https:\/\/topofclimb.es\/en\/wp-json\/wp\/v2\/product_brand?post=17143"},{"taxonomy":"product_cat","embeddable":true,"href":"https:\/\/topofclimb.es\/en\/wp-json\/wp\/v2\/product_cat?post=17143"},{"taxonomy":"product_tag","embeddable":true,"href":"https:\/\/topofclimb.es\/en\/wp-json\/wp\/v2\/product_tag?post=17143"}],"curies":[{"name":"wp","href":"https:\/\/api.w.org\/{rel}","templated":true}]}}