{"id":17141,"date":"2025-02-17T14:15:48","date_gmt":"2025-02-17T14:15:48","guid":{"rendered":"https:\/?post_type=product&#038;p=17141"},"modified":"2026-01-13T16:51:05","modified_gmt":"2026-01-13T16:51:05","slug":"maqueta-fedex-b-757-200-1-200","status":"publish","type":"product","link":"https:\/\/topofclimb.es\/en\/product\/maqueta-fedex-b-757-200-1-200\/","title":{"rendered":"Maqueta FedEx B 757-200 1\/200"},"content":{"rendered":"<p>Escala: 1\/200<br \/>\nAerol\u00ednea: Fedex<br \/>\nAvi\u00f3n: Boeing 757-200<br \/>\nPa\u00eds: Estados Unidos<br \/>\nMaterial: Pl\u00e1stico<br \/>\nDimensiones: 19 x 6.9 x 23.7 (cm)<\/p>","protected":false},"excerpt":{"rendered":"<p>Escala: 1\/200 Aerol\u00ednea: Fedex Avi\u00f3n: Boeing 757-200 Pa\u00eds: Estados Unidos Material: Pl\u00e1stico Dimensiones: 19 x 6.9 x 23.7 (cm)<\/p>","protected":false},"featured_media":17142,"template":"","meta":[],"product_brand":[],"product_cat":[309],"product_tag":[],"class_list":{"0":"post-17141","1":"product","2":"type-product","3":"status-publish","4":"has-post-thumbnail","6":"product_cat-maquetas","8":"first","9":"instock","10":"taxable","11":"shipping-taxable","12":"purchasable","13":"product-type-simple"},"_links":{"self":[{"href":"https:\/\/topofclimb.es\/en\/wp-json\/wp\/v2\/product\/17141","targetHints":{"allow":["GET"]}}],"collection":[{"href":"https:\/\/topofclimb.es\/en\/wp-json\/wp\/v2\/product"}],"about":[{"href":"https:\/\/topofclimb.es\/en\/wp-json\/wp\/v2\/types\/product"}],"wp:featuredmedia":[{"embeddable":true,"href":"https:\/\/topofclimb.es\/en\/wp-json\/wp\/v2\/media\/17142"}],"wp:attachment":[{"href":"https:\/\/topofclimb.es\/en\/wp-json\/wp\/v2\/media?parent=17141"}],"wp:term":[{"taxonomy":"product_brand","embeddable":true,"href":"https:\/\/topofclimb.es\/en\/wp-json\/wp\/v2\/product_brand?post=17141"},{"taxonomy":"product_cat","embeddable":true,"href":"https:\/\/topofclimb.es\/en\/wp-json\/wp\/v2\/product_cat?post=17141"},{"taxonomy":"product_tag","embeddable":true,"href":"https:\/\/topofclimb.es\/en\/wp-json\/wp\/v2\/product_tag?post=17141"}],"curies":[{"name":"wp","href":"https:\/\/api.w.org\/{rel}","templated":true}]}}