{"id":17139,"date":"2025-02-17T14:06:04","date_gmt":"2025-02-17T14:06:04","guid":{"rendered":"https:\/?post_type=product&#038;p=17139"},"modified":"2026-04-09T10:43:45","modified_gmt":"2026-04-09T10:43:45","slug":"maqueta-air-force-two-b-757-200-1-200","status":"publish","type":"product","link":"https:\/\/topofclimb.es\/en\/product\/maqueta-air-force-two-b-757-200-1-200\/","title":{"rendered":"Maqueta Air Force Two B 757-200 1\/200"},"content":{"rendered":"<p>Escala: 1\/200<br \/>\nAerol\u00ednea: Air Force Two<br \/>\nAvi\u00f3n: B757-200<br \/>\nPa\u00eds: Estados Unidos<br \/>\nMaterial: Pl\u00e1stico<\/p>","protected":false},"excerpt":{"rendered":"<p>Escala: 1\/200 Aerol\u00ednea: Air Force Two Avi\u00f3n: B757-200 Pa\u00eds: Estados Unidos Material: Pl\u00e1stico<\/p>","protected":false},"featured_media":17140,"template":"","meta":[],"product_brand":[],"product_cat":[309],"product_tag":[],"class_list":{"0":"post-17139","1":"product","2":"type-product","3":"status-publish","4":"has-post-thumbnail","6":"product_cat-maquetas","8":"first","9":"instock","10":"taxable","11":"shipping-taxable","12":"purchasable","13":"product-type-simple"},"_links":{"self":[{"href":"https:\/\/topofclimb.es\/en\/wp-json\/wp\/v2\/product\/17139","targetHints":{"allow":["GET"]}}],"collection":[{"href":"https:\/\/topofclimb.es\/en\/wp-json\/wp\/v2\/product"}],"about":[{"href":"https:\/\/topofclimb.es\/en\/wp-json\/wp\/v2\/types\/product"}],"wp:featuredmedia":[{"embeddable":true,"href":"https:\/\/topofclimb.es\/en\/wp-json\/wp\/v2\/media\/17140"}],"wp:attachment":[{"href":"https:\/\/topofclimb.es\/en\/wp-json\/wp\/v2\/media?parent=17139"}],"wp:term":[{"taxonomy":"product_brand","embeddable":true,"href":"https:\/\/topofclimb.es\/en\/wp-json\/wp\/v2\/product_brand?post=17139"},{"taxonomy":"product_cat","embeddable":true,"href":"https:\/\/topofclimb.es\/en\/wp-json\/wp\/v2\/product_cat?post=17139"},{"taxonomy":"product_tag","embeddable":true,"href":"https:\/\/topofclimb.es\/en\/wp-json\/wp\/v2\/product_tag?post=17139"}],"curies":[{"name":"wp","href":"https:\/\/api.w.org\/{rel}","templated":true}]}}