{"id":17137,"date":"2025-02-17T13:39:18","date_gmt":"2025-02-17T13:39:18","guid":{"rendered":"https:\/?post_type=product&#038;p=17137"},"modified":"2026-02-04T10:16:21","modified_gmt":"2026-02-04T10:16:21","slug":"maqueta-boeing-b787-10-klm-100th-anniversary-1-200","status":"publish","type":"product","link":"https:\/\/topofclimb.es\/en\/product\/maqueta-boeing-b787-10-klm-100th-anniversary-1-200\/","title":{"rendered":"Maqueta Boeing B787-10 KLM \u00ab100th Anniversary\u00bb 1\/200"},"content":{"rendered":"<p>La Maqueta Boeing B787-10 KLM \u00ab100th Anniversary\u00bb est\u00e1 fabricada con pl\u00e1stico de alta calidad.<\/p>\n<p>Aerol\u00ednea: KLM<br \/>\nModelo: Boeing B787-10<br \/>\nMatr\u00edcula: PH-BKA<br \/>\nEscala: 1\/200<br \/>\nMaterial: Pl\u00e1stico de alta calidad<br \/>\nAccesorios incluidos: Peana<br \/>\nTama\u00f1o de la maqueta: 30.1 cm de ancho x 34.2 cm de largo x 8.5 cm de alto<\/p>","protected":false},"excerpt":{"rendered":"<p>La Maqueta Boeing B787-10 KLM \u00ab100th Anniversary\u00bb est\u00e1 fabricada con pl\u00e1stico de alta calidad. Aerol\u00ednea: KLM Modelo: Boeing B787-10 Matr\u00edcula: PH-BKA Escala: 1\/200 Material: Pl\u00e1stico de alta calidad Accesorios incluidos: Peana Tama\u00f1o de la maqueta: 30.1 cm de ancho x 34.2 cm de largo x 8.5 cm de alto<\/p>","protected":false},"featured_media":17138,"template":"","meta":[],"product_brand":[],"product_cat":[309],"product_tag":[],"class_list":{"0":"post-17137","1":"product","2":"type-product","3":"status-publish","4":"has-post-thumbnail","6":"product_cat-maquetas","8":"first","9":"instock","10":"taxable","11":"shipping-taxable","12":"purchasable","13":"product-type-simple"},"_links":{"self":[{"href":"https:\/\/topofclimb.es\/en\/wp-json\/wp\/v2\/product\/17137","targetHints":{"allow":["GET"]}}],"collection":[{"href":"https:\/\/topofclimb.es\/en\/wp-json\/wp\/v2\/product"}],"about":[{"href":"https:\/\/topofclimb.es\/en\/wp-json\/wp\/v2\/types\/product"}],"wp:featuredmedia":[{"embeddable":true,"href":"https:\/\/topofclimb.es\/en\/wp-json\/wp\/v2\/media\/17138"}],"wp:attachment":[{"href":"https:\/\/topofclimb.es\/en\/wp-json\/wp\/v2\/media?parent=17137"}],"wp:term":[{"taxonomy":"product_brand","embeddable":true,"href":"https:\/\/topofclimb.es\/en\/wp-json\/wp\/v2\/product_brand?post=17137"},{"taxonomy":"product_cat","embeddable":true,"href":"https:\/\/topofclimb.es\/en\/wp-json\/wp\/v2\/product_cat?post=17137"},{"taxonomy":"product_tag","embeddable":true,"href":"https:\/\/topofclimb.es\/en\/wp-json\/wp\/v2\/product_tag?post=17137"}],"curies":[{"name":"wp","href":"https:\/\/api.w.org\/{rel}","templated":true}]}}