{"id":17133,"date":"2025-02-17T12:21:47","date_gmt":"2025-02-17T12:21:47","guid":{"rendered":"https:\/?post_type=product&#038;p=17133"},"modified":"2026-02-04T07:39:17","modified_gmt":"2026-02-04T07:39:17","slug":"maqueta-fedex-atr-72-1-100","status":"publish","type":"product","link":"https:\/\/topofclimb.es\/en\/product\/maqueta-fedex-atr-72-1-100\/","title":{"rendered":"Maqueta FedEx ATR 72 1\/100"},"content":{"rendered":"<p>Escala: 1\/100<br \/>\nAerol\u00ednea: Fedex<br \/>\nAvi\u00f3n: ATR72-600F<br \/>\nPa\u00eds: Estados Unidos<br \/>\nMaterial: Pl\u00e1stico<br \/>\nDimensiones: 27.1 x 7.7 x 27.2 (cm)<br \/>\nPeso: 400g<\/p>","protected":false},"excerpt":{"rendered":"<p>Escala: 1\/100 Aerol\u00ednea: Fedex Avi\u00f3n: ATR72-600F Pa\u00eds: Estados Unidos Material: Pl\u00e1stico Dimensiones: 27.1 x 7.7 x 27.2 (cm) Peso: 400g<\/p>","protected":false},"featured_media":17134,"template":"","meta":[],"product_brand":[],"product_cat":[309],"product_tag":[],"class_list":{"0":"post-17133","1":"product","2":"type-product","3":"status-publish","4":"has-post-thumbnail","6":"product_cat-maquetas","8":"first","9":"instock","10":"taxable","11":"shipping-taxable","12":"purchasable","13":"product-type-simple"},"_links":{"self":[{"href":"https:\/\/topofclimb.es\/en\/wp-json\/wp\/v2\/product\/17133","targetHints":{"allow":["GET"]}}],"collection":[{"href":"https:\/\/topofclimb.es\/en\/wp-json\/wp\/v2\/product"}],"about":[{"href":"https:\/\/topofclimb.es\/en\/wp-json\/wp\/v2\/types\/product"}],"wp:featuredmedia":[{"embeddable":true,"href":"https:\/\/topofclimb.es\/en\/wp-json\/wp\/v2\/media\/17134"}],"wp:attachment":[{"href":"https:\/\/topofclimb.es\/en\/wp-json\/wp\/v2\/media?parent=17133"}],"wp:term":[{"taxonomy":"product_brand","embeddable":true,"href":"https:\/\/topofclimb.es\/en\/wp-json\/wp\/v2\/product_brand?post=17133"},{"taxonomy":"product_cat","embeddable":true,"href":"https:\/\/topofclimb.es\/en\/wp-json\/wp\/v2\/product_cat?post=17133"},{"taxonomy":"product_tag","embeddable":true,"href":"https:\/\/topofclimb.es\/en\/wp-json\/wp\/v2\/product_tag?post=17133"}],"curies":[{"name":"wp","href":"https:\/\/api.w.org\/{rel}","templated":true}]}}