{"id":17128,"date":"2025-02-17T09:45:54","date_gmt":"2025-02-17T09:45:54","guid":{"rendered":"https:\/?post_type=product&#038;p=17128"},"modified":"2026-02-04T07:27:01","modified_gmt":"2026-02-04T07:27:01","slug":"maqueta-ba-b-747-400-1-250","status":"publish","type":"product","link":"https:\/\/topofclimb.es\/en\/product\/maqueta-ba-b-747-400-1-250\/","title":{"rendered":"Maqueta BA B 747-400 1\/250"},"content":{"rendered":"<p>Escala: 1\/250<br \/>\nAerol\u00ednea: British Airways<br \/>\nAvi\u00f3n: B747-400<br \/>\nPa\u00eds: Inglaterra<br \/>\nMaterial: Pl\u00e1stico<\/p>","protected":false},"excerpt":{"rendered":"<p>Escala: 1\/250 Aerol\u00ednea: British Airways Avi\u00f3n: B747-400 Pa\u00eds: Inglaterra Material: Pl\u00e1stico<\/p>","protected":false},"featured_media":17130,"template":"","meta":[],"product_brand":[],"product_cat":[309],"product_tag":[],"class_list":{"0":"post-17128","1":"product","2":"type-product","3":"status-publish","4":"has-post-thumbnail","6":"product_cat-maquetas","8":"first","9":"instock","10":"taxable","11":"shipping-taxable","12":"purchasable","13":"product-type-simple"},"_links":{"self":[{"href":"https:\/\/topofclimb.es\/en\/wp-json\/wp\/v2\/product\/17128","targetHints":{"allow":["GET"]}}],"collection":[{"href":"https:\/\/topofclimb.es\/en\/wp-json\/wp\/v2\/product"}],"about":[{"href":"https:\/\/topofclimb.es\/en\/wp-json\/wp\/v2\/types\/product"}],"wp:featuredmedia":[{"embeddable":true,"href":"https:\/\/topofclimb.es\/en\/wp-json\/wp\/v2\/media\/17130"}],"wp:attachment":[{"href":"https:\/\/topofclimb.es\/en\/wp-json\/wp\/v2\/media?parent=17128"}],"wp:term":[{"taxonomy":"product_brand","embeddable":true,"href":"https:\/\/topofclimb.es\/en\/wp-json\/wp\/v2\/product_brand?post=17128"},{"taxonomy":"product_cat","embeddable":true,"href":"https:\/\/topofclimb.es\/en\/wp-json\/wp\/v2\/product_cat?post=17128"},{"taxonomy":"product_tag","embeddable":true,"href":"https:\/\/topofclimb.es\/en\/wp-json\/wp\/v2\/product_tag?post=17128"}],"curies":[{"name":"wp","href":"https:\/\/api.w.org\/{rel}","templated":true}]}}