{"id":17125,"date":"2025-02-17T09:19:41","date_gmt":"2025-02-17T09:19:41","guid":{"rendered":"https:\/?post_type=product&#038;p=17125"},"modified":"2026-04-16T14:42:03","modified_gmt":"2026-04-16T14:42:03","slug":"maqueta-concorde-british-airways-g-boac-1-250","status":"publish","type":"product","link":"https:\/\/topofclimb.es\/en\/product\/maqueta-concorde-british-airways-g-boac-1-250\/","title":{"rendered":"Maqueta Concorde British Airways G-BOAC 1\/250"},"content":{"rendered":"<p>La Maqueta Concorde British Airways est\u00e1 fabricada con pl\u00e1stico de alta calidad.<\/p>\n<p>Aerol\u00ednea: British Airways<br \/>\nModelo: Concorde<br \/>\nMatr\u00edcula: G-BOAC<br \/>\nEscala: 1\/250<br \/>\nMaterial: Pl\u00e1stico de alta calidad<br \/>\nAccesorios incluidos: Peana<br \/>\nTama\u00f1o de la maqueta: 10.2 cm de ancho x 24.7 cm de largo x 4.9 cm de alto<\/p>","protected":false},"excerpt":{"rendered":"<p>La Maqueta Concorde British Airways est\u00e1 fabricada con pl\u00e1stico de alta calidad. Aerol\u00ednea: British Airways Modelo: Concorde Matr\u00edcula: G-BOAC Escala: 1\/250 Material: Pl\u00e1stico de alta calidad Accesorios incluidos: Peana Tama\u00f1o de la maqueta: 10.2 cm de ancho x 24.7 cm de largo x 4.9 cm de alto<\/p>","protected":false},"featured_media":17127,"template":"","meta":[],"product_brand":[],"product_cat":[309],"product_tag":[],"class_list":{"0":"post-17125","1":"product","2":"type-product","3":"status-publish","4":"has-post-thumbnail","6":"product_cat-maquetas","8":"first","9":"instock","10":"taxable","11":"shipping-taxable","12":"purchasable","13":"product-type-simple"},"_links":{"self":[{"href":"https:\/\/topofclimb.es\/en\/wp-json\/wp\/v2\/product\/17125","targetHints":{"allow":["GET"]}}],"collection":[{"href":"https:\/\/topofclimb.es\/en\/wp-json\/wp\/v2\/product"}],"about":[{"href":"https:\/\/topofclimb.es\/en\/wp-json\/wp\/v2\/types\/product"}],"wp:featuredmedia":[{"embeddable":true,"href":"https:\/\/topofclimb.es\/en\/wp-json\/wp\/v2\/media\/17127"}],"wp:attachment":[{"href":"https:\/\/topofclimb.es\/en\/wp-json\/wp\/v2\/media?parent=17125"}],"wp:term":[{"taxonomy":"product_brand","embeddable":true,"href":"https:\/\/topofclimb.es\/en\/wp-json\/wp\/v2\/product_brand?post=17125"},{"taxonomy":"product_cat","embeddable":true,"href":"https:\/\/topofclimb.es\/en\/wp-json\/wp\/v2\/product_cat?post=17125"},{"taxonomy":"product_tag","embeddable":true,"href":"https:\/\/topofclimb.es\/en\/wp-json\/wp\/v2\/product_tag?post=17125"}],"curies":[{"name":"wp","href":"https:\/\/api.w.org\/{rel}","templated":true}]}}