{"id":17123,"date":"2025-02-17T09:13:23","date_gmt":"2025-02-17T09:13:23","guid":{"rendered":"https:\/?post_type=product&#038;p=17123"},"modified":"2026-03-28T15:35:44","modified_gmt":"2026-03-28T15:35:44","slug":"maqueta-concorde-air-france-1-250","status":"publish","type":"product","link":"https:\/\/topofclimb.es\/en\/product\/maqueta-concorde-air-france-1-250\/","title":{"rendered":"Maqueta Concorde Air France 1\/250"},"content":{"rendered":"<p>La Maqueta Concorde Air France est\u00e1 fabricada con pl\u00e1stico de alta calidad.<\/p>\n<p>Aerol\u00ednea: Air France<br \/>\nModelo: Concorde<br \/>\nMatr\u00edcula: F-BTSD<br \/>\nEscala: 1\/250<br \/>\nMaterial: Pl\u00e1stico de alta calidad<br \/>\nAccesorios incluidos: Peana<br \/>\nTama\u00f1o de la maqueta: 10.2 cm de ancho x 24.7 cm de largo x 4.9 cm de alto<\/p>","protected":false},"excerpt":{"rendered":"<p>La Maqueta Concorde Air France est\u00e1 fabricada con pl\u00e1stico de alta calidad. Aerol\u00ednea: Air France Modelo: Concorde Matr\u00edcula: F-BTSD Escala: 1\/250 Material: Pl\u00e1stico de alta calidad Accesorios incluidos: Peana Tama\u00f1o de la maqueta: 10.2 cm de ancho x 24.7 cm de largo x 4.9 cm de alto<\/p>","protected":false},"featured_media":17124,"template":"","meta":[],"product_brand":[],"product_cat":[309],"product_tag":[],"class_list":{"0":"post-17123","1":"product","2":"type-product","3":"status-publish","4":"has-post-thumbnail","6":"product_cat-maquetas","8":"first","9":"instock","10":"taxable","11":"shipping-taxable","12":"purchasable","13":"product-type-simple"},"_links":{"self":[{"href":"https:\/\/topofclimb.es\/en\/wp-json\/wp\/v2\/product\/17123","targetHints":{"allow":["GET"]}}],"collection":[{"href":"https:\/\/topofclimb.es\/en\/wp-json\/wp\/v2\/product"}],"about":[{"href":"https:\/\/topofclimb.es\/en\/wp-json\/wp\/v2\/types\/product"}],"wp:featuredmedia":[{"embeddable":true,"href":"https:\/\/topofclimb.es\/en\/wp-json\/wp\/v2\/media\/17124"}],"wp:attachment":[{"href":"https:\/\/topofclimb.es\/en\/wp-json\/wp\/v2\/media?parent=17123"}],"wp:term":[{"taxonomy":"product_brand","embeddable":true,"href":"https:\/\/topofclimb.es\/en\/wp-json\/wp\/v2\/product_brand?post=17123"},{"taxonomy":"product_cat","embeddable":true,"href":"https:\/\/topofclimb.es\/en\/wp-json\/wp\/v2\/product_cat?post=17123"},{"taxonomy":"product_tag","embeddable":true,"href":"https:\/\/topofclimb.es\/en\/wp-json\/wp\/v2\/product_tag?post=17123"}],"curies":[{"name":"wp","href":"https:\/\/api.w.org\/{rel}","templated":true}]}}