{"id":17121,"date":"2025-02-17T08:50:07","date_gmt":"2025-02-17T08:50:07","guid":{"rendered":"https:\/?post_type=product&#038;p=17121"},"modified":"2026-02-13T15:23:58","modified_gmt":"2026-02-13T15:23:58","slug":"maqueta-cathay-pacific-b-777-300-er-1-200","status":"publish","type":"product","link":"https:\/\/topofclimb.es\/en\/product\/maqueta-cathay-pacific-b-777-300-er-1-200\/","title":{"rendered":"Maqueta Cathay Pacific B 777-300 ER 1\/200"},"content":{"rendered":"<p>Escala: 1\/200<br \/>\nAerol\u00ednea: Cathay Pacific<br \/>\nAvi\u00f3n: B777-300ER<br \/>\nPa\u00eds: Hong Kong<br \/>\nMaterial: Pl\u00e1stico<br \/>\nDimensiones: 36.93 x 30.46 (cm)<\/p>","protected":false},"excerpt":{"rendered":"<p>Escala: 1\/200 Aerol\u00ednea: Cathay Pacific Avi\u00f3n: B777-300ER Pa\u00eds: Hong Kong Material: Pl\u00e1stico Dimensiones: 36.93 x 30.46 (cm)<\/p>","protected":false},"featured_media":17122,"template":"","meta":[],"product_brand":[],"product_cat":[309],"product_tag":[],"class_list":{"0":"post-17121","1":"product","2":"type-product","3":"status-publish","4":"has-post-thumbnail","6":"product_cat-maquetas","8":"first","9":"instock","10":"taxable","11":"shipping-taxable","12":"purchasable","13":"product-type-simple"},"_links":{"self":[{"href":"https:\/\/topofclimb.es\/en\/wp-json\/wp\/v2\/product\/17121","targetHints":{"allow":["GET"]}}],"collection":[{"href":"https:\/\/topofclimb.es\/en\/wp-json\/wp\/v2\/product"}],"about":[{"href":"https:\/\/topofclimb.es\/en\/wp-json\/wp\/v2\/types\/product"}],"wp:featuredmedia":[{"embeddable":true,"href":"https:\/\/topofclimb.es\/en\/wp-json\/wp\/v2\/media\/17122"}],"wp:attachment":[{"href":"https:\/\/topofclimb.es\/en\/wp-json\/wp\/v2\/media?parent=17121"}],"wp:term":[{"taxonomy":"product_brand","embeddable":true,"href":"https:\/\/topofclimb.es\/en\/wp-json\/wp\/v2\/product_brand?post=17121"},{"taxonomy":"product_cat","embeddable":true,"href":"https:\/\/topofclimb.es\/en\/wp-json\/wp\/v2\/product_cat?post=17121"},{"taxonomy":"product_tag","embeddable":true,"href":"https:\/\/topofclimb.es\/en\/wp-json\/wp\/v2\/product_tag?post=17121"}],"curies":[{"name":"wp","href":"https:\/\/api.w.org\/{rel}","templated":true}]}}