{"id":17119,"date":"2025-02-17T08:32:39","date_gmt":"2025-02-17T08:32:39","guid":{"rendered":"https:\/?post_type=product&#038;p=17119"},"modified":"2025-02-17T08:32:40","modified_gmt":"2025-02-17T08:32:40","slug":"maqueta-air-france-b-777-300-er-1-200","status":"publish","type":"product","link":"https:\/\/topofclimb.es\/en\/product\/maqueta-air-france-b-777-300-er-1-200\/","title":{"rendered":"Maqueta Air France B 777-300 ER 1\/200"},"content":{"rendered":"<p>Escala: 1\/200<br \/>\nAerol\u00ednea: Air France<br \/>\nAvi\u00f3n: B777-300ER<br \/>\nPa\u00eds: Francia<br \/>\nMaterial: Pl\u00e1stico<br \/>\nDimensiones: 36.93 x 9.26 x 30.46 (cm)<br \/>\nPeso: 400g<\/p>","protected":false},"excerpt":{"rendered":"<p>Escala: 1\/200 Aerol\u00ednea: Air France Avi\u00f3n: B777-300ER Pa\u00eds: Francia Material: Pl\u00e1stico Dimensiones: 36.93 x 9.26 x 30.46 (cm) Peso: 400g<\/p>","protected":false},"featured_media":17120,"template":"","meta":[],"product_brand":[],"product_cat":[309],"product_tag":[],"class_list":{"0":"post-17119","1":"product","2":"type-product","3":"status-publish","4":"has-post-thumbnail","6":"product_cat-maquetas","8":"first","9":"instock","10":"taxable","11":"shipping-taxable","12":"purchasable","13":"product-type-simple"},"_links":{"self":[{"href":"https:\/\/topofclimb.es\/en\/wp-json\/wp\/v2\/product\/17119","targetHints":{"allow":["GET"]}}],"collection":[{"href":"https:\/\/topofclimb.es\/en\/wp-json\/wp\/v2\/product"}],"about":[{"href":"https:\/\/topofclimb.es\/en\/wp-json\/wp\/v2\/types\/product"}],"wp:featuredmedia":[{"embeddable":true,"href":"https:\/\/topofclimb.es\/en\/wp-json\/wp\/v2\/media\/17120"}],"wp:attachment":[{"href":"https:\/\/topofclimb.es\/en\/wp-json\/wp\/v2\/media?parent=17119"}],"wp:term":[{"taxonomy":"product_brand","embeddable":true,"href":"https:\/\/topofclimb.es\/en\/wp-json\/wp\/v2\/product_brand?post=17119"},{"taxonomy":"product_cat","embeddable":true,"href":"https:\/\/topofclimb.es\/en\/wp-json\/wp\/v2\/product_cat?post=17119"},{"taxonomy":"product_tag","embeddable":true,"href":"https:\/\/topofclimb.es\/en\/wp-json\/wp\/v2\/product_tag?post=17119"}],"curies":[{"name":"wp","href":"https:\/\/api.w.org\/{rel}","templated":true}]}}