{"id":17117,"date":"2025-02-17T08:06:22","date_gmt":"2025-02-17T08:06:22","guid":{"rendered":"https:\/?post_type=product&#038;p=17117"},"modified":"2026-02-17T17:23:01","modified_gmt":"2026-02-17T17:23:01","slug":"maqueta-ita-airways-a-350-900-1-200","status":"publish","type":"product","link":"https:\/\/topofclimb.es\/en\/product\/maqueta-ita-airways-a-350-900-1-200\/","title":{"rendered":"Maqueta ITA Airways A 350-900 1\/200"},"content":{"rendered":"<p>La Maqueta Airbus A350-900 ITA Airways est\u00e1 fabricada con pl\u00e1stico de alta calidad y con gran calidad de detalles.<\/p>\n<p>Escala: 1\/200<br \/>\nAerol\u00ednea: ITA Airways<br \/>\nAvi\u00f3n: A350-900<br \/>\nPa\u00eds: Italia<br \/>\nMaterial: Pl\u00e1stico<br \/>\nDimensiones: 32.60 x 8.70 x 30.55 (cm)<br \/>\nPeso: 200g<\/p>","protected":false},"excerpt":{"rendered":"<p>La Maqueta Airbus A350-900 ITA Airways est\u00e1 fabricada con pl\u00e1stico de alta calidad y con gran calidad de detalles. Escala: 1\/200 Aerol\u00ednea: ITA Airways Avi\u00f3n: A350-900 Pa\u00eds: Italia Material: Pl\u00e1stico Dimensiones: 32.60 x 8.70 x 30.55 (cm) Peso: 200g<\/p>","protected":false},"featured_media":17118,"template":"","meta":[],"product_brand":[],"product_cat":[309],"product_tag":[],"class_list":{"0":"post-17117","1":"product","2":"type-product","3":"status-publish","4":"has-post-thumbnail","6":"product_cat-maquetas","8":"first","9":"instock","10":"taxable","11":"shipping-taxable","12":"purchasable","13":"product-type-simple"},"_links":{"self":[{"href":"https:\/\/topofclimb.es\/en\/wp-json\/wp\/v2\/product\/17117","targetHints":{"allow":["GET"]}}],"collection":[{"href":"https:\/\/topofclimb.es\/en\/wp-json\/wp\/v2\/product"}],"about":[{"href":"https:\/\/topofclimb.es\/en\/wp-json\/wp\/v2\/types\/product"}],"wp:featuredmedia":[{"embeddable":true,"href":"https:\/\/topofclimb.es\/en\/wp-json\/wp\/v2\/media\/17118"}],"wp:attachment":[{"href":"https:\/\/topofclimb.es\/en\/wp-json\/wp\/v2\/media?parent=17117"}],"wp:term":[{"taxonomy":"product_brand","embeddable":true,"href":"https:\/\/topofclimb.es\/en\/wp-json\/wp\/v2\/product_brand?post=17117"},{"taxonomy":"product_cat","embeddable":true,"href":"https:\/\/topofclimb.es\/en\/wp-json\/wp\/v2\/product_cat?post=17117"},{"taxonomy":"product_tag","embeddable":true,"href":"https:\/\/topofclimb.es\/en\/wp-json\/wp\/v2\/product_tag?post=17117"}],"curies":[{"name":"wp","href":"https:\/\/api.w.org\/{rel}","templated":true}]}}