{"id":17115,"date":"2025-02-17T08:01:47","date_gmt":"2025-02-17T08:01:47","guid":{"rendered":"https:\/?post_type=product&#038;p=17115"},"modified":"2026-04-05T12:37:40","modified_gmt":"2026-04-05T12:37:40","slug":"maqueta-iberia-a-350-900-1-200","status":"publish","type":"product","link":"https:\/\/topofclimb.es\/en\/product\/maqueta-iberia-a-350-900-1-200\/","title":{"rendered":"Maqueta Iberia A 350-900 1\/200"},"content":{"rendered":"<p>La Maqueta Airbus A350-900 Iberia est\u00e1 fabricada con pl\u00e1stico de alta calidad y con gran calidad de detalles.<\/p>\n<p>Aerol\u00ednea: Iberia<br \/>\nModelo: Airbus A350-900<br \/>\nMatr\u00edcula: EC-MXV<br \/>\nEscala: 1\/200<br \/>\nMaterial: Pl\u00e1stico de alta calidad<br \/>\nAccesorios incluidos: Peana<br \/>\nTama\u00f1o de la maqueta: 32.4 cm de ancho x 33.4 cm de largo x 8.7 cm de alto<\/p>","protected":false},"excerpt":{"rendered":"<p>La Maqueta Airbus A350-900 Iberia est\u00e1 fabricada con pl\u00e1stico de alta calidad y con gran calidad de detalles. Aerol\u00ednea: Iberia Modelo: Airbus A350-900 Matr\u00edcula: EC-MXV Escala: 1\/200 Material: Pl\u00e1stico de alta calidad Accesorios incluidos: Peana Tama\u00f1o de la maqueta: 32.4 cm de ancho x 33.4 cm de largo x 8.7 cm de alto<\/p>","protected":false},"featured_media":17116,"template":"","meta":[],"product_brand":[],"product_cat":[309],"product_tag":[],"class_list":{"0":"post-17115","1":"product","2":"type-product","3":"status-publish","4":"has-post-thumbnail","6":"product_cat-maquetas","8":"first","9":"instock","10":"taxable","11":"shipping-taxable","12":"purchasable","13":"product-type-simple"},"_links":{"self":[{"href":"https:\/\/topofclimb.es\/en\/wp-json\/wp\/v2\/product\/17115","targetHints":{"allow":["GET"]}}],"collection":[{"href":"https:\/\/topofclimb.es\/en\/wp-json\/wp\/v2\/product"}],"about":[{"href":"https:\/\/topofclimb.es\/en\/wp-json\/wp\/v2\/types\/product"}],"wp:featuredmedia":[{"embeddable":true,"href":"https:\/\/topofclimb.es\/en\/wp-json\/wp\/v2\/media\/17116"}],"wp:attachment":[{"href":"https:\/\/topofclimb.es\/en\/wp-json\/wp\/v2\/media?parent=17115"}],"wp:term":[{"taxonomy":"product_brand","embeddable":true,"href":"https:\/\/topofclimb.es\/en\/wp-json\/wp\/v2\/product_brand?post=17115"},{"taxonomy":"product_cat","embeddable":true,"href":"https:\/\/topofclimb.es\/en\/wp-json\/wp\/v2\/product_cat?post=17115"},{"taxonomy":"product_tag","embeddable":true,"href":"https:\/\/topofclimb.es\/en\/wp-json\/wp\/v2\/product_tag?post=17115"}],"curies":[{"name":"wp","href":"https:\/\/api.w.org\/{rel}","templated":true}]}}