{"id":17056,"date":"2025-02-07T08:34:06","date_gmt":"2025-02-07T08:34:06","guid":{"rendered":"https:\/?post_type=product&#038;p=17056"},"modified":"2026-01-03T10:17:59","modified_gmt":"2026-01-03T10:17:59","slug":"mirando-al-cielo-cronica-de-mas-de-un-siglo-de-aviacion-militar-en-espana","status":"publish","type":"product","link":"https:\/\/topofclimb.es\/en\/product\/mirando-al-cielo-cronica-de-mas-de-un-siglo-de-aviacion-militar-en-espana\/","title":{"rendered":"Mirando Al Cielo: Cr\u00f3nica De M\u00e1s De Un Siglo De Aviaci\u00f3n Militar En Espa\u00f1a"},"content":{"rendered":"<p>Tienes en tus manos un libro que pretende rendir homenaje a todos aquellos que en el pasado se esforzaron por legarnos una instituci\u00f3n que debe seguir manteniendo su mentalidad de mejorar cada d\u00eda. Y nos corresponde ahora a nosotros llevar a cabo esa mejora, en un proceso constante que no debe detenerse y del que somos los responsables. Tambi\u00e9n a vosotros, los que hoy trabaj\u00e1is por y para el Ej\u00e9rcito del Aire, est\u00e1 dedicado este libro. Y como no, a vuestras familias y amigos. De manera muy especial a los familiares de los que nos dejaron.<\/p>","protected":false},"excerpt":{"rendered":"<p>Tienes en tus manos un libro que pretende rendir homenaje a todos aquellos que en el pasado se esforzaron por legarnos una instituci\u00f3n que debe seguir manteniendo su mentalidad de mejorar cada d\u00eda. Y nos corresponde ahora a nosotros llevar a cabo esa mejora, en un proceso constante que no debe detenerse y del que [&#8230;]\n","protected":false},"featured_media":17057,"template":"","meta":[],"product_brand":[],"product_cat":[301,128],"product_tag":[],"class_list":{"0":"post-17056","1":"product","2":"type-product","3":"status-publish","4":"has-post-thumbnail","6":"product_cat-aviacion","7":"product_cat-libros","9":"first","10":"outofstock","11":"taxable","12":"shipping-taxable","13":"purchasable","14":"product-type-simple"},"_links":{"self":[{"href":"https:\/\/topofclimb.es\/en\/wp-json\/wp\/v2\/product\/17056","targetHints":{"allow":["GET"]}}],"collection":[{"href":"https:\/\/topofclimb.es\/en\/wp-json\/wp\/v2\/product"}],"about":[{"href":"https:\/\/topofclimb.es\/en\/wp-json\/wp\/v2\/types\/product"}],"wp:featuredmedia":[{"embeddable":true,"href":"https:\/\/topofclimb.es\/en\/wp-json\/wp\/v2\/media\/17057"}],"wp:attachment":[{"href":"https:\/\/topofclimb.es\/en\/wp-json\/wp\/v2\/media?parent=17056"}],"wp:term":[{"taxonomy":"product_brand","embeddable":true,"href":"https:\/\/topofclimb.es\/en\/wp-json\/wp\/v2\/product_brand?post=17056"},{"taxonomy":"product_cat","embeddable":true,"href":"https:\/\/topofclimb.es\/en\/wp-json\/wp\/v2\/product_cat?post=17056"},{"taxonomy":"product_tag","embeddable":true,"href":"https:\/\/topofclimb.es\/en\/wp-json\/wp\/v2\/product_tag?post=17056"}],"curies":[{"name":"wp","href":"https:\/\/api.w.org\/{rel}","templated":true}]}}