{"id":17052,"date":"2025-02-07T08:21:42","date_gmt":"2025-02-07T08:21:42","guid":{"rendered":"https:\/?post_type=product&#038;p=17052"},"modified":"2025-12-01T18:24:23","modified_gmt":"2025-12-01T18:24:23","slug":"la-huella-de-cien-anos-de-la-aviacion-militar-espanola-en-el-museo-de-aeronautica-y-astronautica","status":"publish","type":"product","link":"https:\/\/topofclimb.es\/en\/product\/la-huella-de-cien-anos-de-la-aviacion-militar-espanola-en-el-museo-de-aeronautica-y-astronautica\/","title":{"rendered":"La Huella De Cien A\u00f1os De La Aviaci\u00f3n Militar Espa\u00f1ola En El Museo De Aeron\u00e1utica Y Astron\u00e1utica"},"content":{"rendered":"","protected":false},"excerpt":{"rendered":"","protected":false},"featured_media":17053,"template":"","meta":[],"product_brand":[],"product_cat":[301,128],"product_tag":[],"class_list":{"0":"post-17052","1":"product","2":"type-product","3":"status-publish","4":"has-post-thumbnail","6":"product_cat-aviacion","7":"product_cat-libros","9":"first","10":"instock","11":"taxable","12":"shipping-taxable","13":"purchasable","14":"product-type-simple"},"_links":{"self":[{"href":"https:\/\/topofclimb.es\/en\/wp-json\/wp\/v2\/product\/17052","targetHints":{"allow":["GET"]}}],"collection":[{"href":"https:\/\/topofclimb.es\/en\/wp-json\/wp\/v2\/product"}],"about":[{"href":"https:\/\/topofclimb.es\/en\/wp-json\/wp\/v2\/types\/product"}],"wp:featuredmedia":[{"embeddable":true,"href":"https:\/\/topofclimb.es\/en\/wp-json\/wp\/v2\/media\/17053"}],"wp:attachment":[{"href":"https:\/\/topofclimb.es\/en\/wp-json\/wp\/v2\/media?parent=17052"}],"wp:term":[{"taxonomy":"product_brand","embeddable":true,"href":"https:\/\/topofclimb.es\/en\/wp-json\/wp\/v2\/product_brand?post=17052"},{"taxonomy":"product_cat","embeddable":true,"href":"https:\/\/topofclimb.es\/en\/wp-json\/wp\/v2\/product_cat?post=17052"},{"taxonomy":"product_tag","embeddable":true,"href":"https:\/\/topofclimb.es\/en\/wp-json\/wp\/v2\/product_tag?post=17052"}],"curies":[{"name":"wp","href":"https:\/\/api.w.org\/{rel}","templated":true}]}}